{"id":69,"date":"2020-10-23T15:51:11","date_gmt":"2020-10-23T15:51:11","guid":{"rendered":"http:\/\/lvb.sitebysite.it\/?page_id=69"},"modified":"2025-09-22T15:21:14","modified_gmt":"2025-09-22T13:21:14","slug":"benessere-acustico","status":"publish","type":"page","link":"https:\/\/sviluppo.lvbitalia.com\/it\/benessere-acustico\/","title":{"rendered":"Benessere acustico"},"content":{"rendered":"<div id='av_section_1'  class='avia-section av-1ehex-083cc026326db27b64898a4dac0ba97e main_color avia-section-default avia-no-border-styling  avia-builder-el-0  el_before_av_section  avia-builder-el-first  avia-bg-style-scroll container_wrap fullsize'  ><div class='container av-section-cont-open' ><main  role=\"main\" itemprop=\"mainContentOfPage\"  class='template-page content  av-content-full alpha units'><div class='post-entry post-entry-type-page post-entry-69'><div class='entry-content-wrapper clearfix'>\n\n<style type=\"text\/css\" data-created_by=\"avia_inline_auto\" id=\"style-css-av-s3jt-5b117ca38d5d12449e598caed01b1241\">\n.flex_column.av-s3jt-5b117ca38d5d12449e598caed01b1241{\nborder-radius:0px 0px 0px 0px;\n-webkit-border-radius:0px 0px 0px 0px;\n-moz-border-radius:0px 0px 0px 0px;\n}\n<\/style>\n<div class='flex_column av-s3jt-5b117ca38d5d12449e598caed01b1241 av_one_full  avia-builder-el-1  avia-builder-el-no-sibling  first flex_column_div av-zero-column-padding '   ><section  class='av_textblock_section av-khc6ew06-c810327b7a9ebd73bcad9d280d1aa37d'  itemscope=\"itemscope\" itemtype=\"https:\/\/schema.org\/CreativeWork\" ><div class='avia_textblock'  itemprop=\"text\" ><p style=\"text-align: right;\"><div class=\"breadcrumbs\" ><span><span><a href=\"https:\/\/sviluppo.lvbitalia.com\/it\/\">Home<\/a><\/span><\/span><\/div><\/p>\n<\/div><\/section><\/div>\n\n<\/div><\/div><\/main><!-- close content main element --><\/div><\/div><div id='av_section_2'  class='avia-section av-4yjw5-cf70b6a4768d950bc322ddf291822d39 main_color avia-section-default avia-no-border-styling  avia-builder-el-3  el_after_av_section  el_before_av_section  avia-bg-style-scroll container_wrap fullsize'  ><div class='container av-section-cont-open' ><div class='template-page content  av-content-full alpha units'><div class='post-entry post-entry-type-page post-entry-69'><div class='entry-content-wrapper clearfix'>\n<div class='flex_column_table av-4mwwt-936a6155570bb40351bee07c959ad788 sc-av_one_third av-break-at-tablet-flextable av-equal-height-column-flextable'>\n<style type=\"text\/css\" data-created_by=\"avia_inline_auto\" id=\"style-css-av-4mwwt-936a6155570bb40351bee07c959ad788\">\n#top .flex_column_table.av-equal-height-column-flextable.av-4mwwt-936a6155570bb40351bee07c959ad788{\nmargin-top:0px;\nmargin-bottom:50px;\n}\n.flex_column.av-4mwwt-936a6155570bb40351bee07c959ad788{\nborder-radius:0px 0px 0px 0px;\n-webkit-border-radius:0px 0px 0px 0px;\n-moz-border-radius:0px 0px 0px 0px;\n}\n<\/style>\n<div class='flex_column av-4mwwt-936a6155570bb40351bee07c959ad788 av_one_third  avia-builder-el-4  el_before_av_two_third  avia-builder-el-first  first av-break-at-tablet flex_column_table_cell av-equal-height-column av-align-top av-zero-column-padding '   ><section  class='av_textblock_section av-khb1n04q-70902a05fbe161b97cf9324209f77b9c'  itemscope=\"itemscope\" itemtype=\"https:\/\/schema.org\/CreativeWork\" ><div class='avia_textblock h-style'  itemprop=\"text\" ><h1>Benessere acustico<\/h1>\n<\/div><\/section><\/div><div class='av-flex-placeholder'><\/div>\n<style type=\"text\/css\" data-created_by=\"avia_inline_auto\" id=\"style-css-av-54qj-90be8e86580c8db7b03c38b4744d42a1\">\n#top .flex_column_table.av-equal-height-column-flextable.av-54qj-90be8e86580c8db7b03c38b4744d42a1{\nmargin-top:0px;\nmargin-bottom:50px;\n}\n.flex_column.av-54qj-90be8e86580c8db7b03c38b4744d42a1{\nborder-radius:0px 0px 0px 0px;\n-webkit-border-radius:0px 0px 0px 0px;\n-moz-border-radius:0px 0px 0px 0px;\n}\n<\/style>\n<div class='flex_column av-54qj-90be8e86580c8db7b03c38b4744d42a1 av_two_third  avia-builder-el-6  el_after_av_one_third  avia-builder-el-last  av-break-at-tablet flex_column_table_cell av-equal-height-column av-align-top av-zero-column-padding '   ><section  id=\"btn-toggle-hidden-text\"  class='av_textblock_section av-khdmh7ji-38198ac2eb0eb1f9f6dedbb6894981c1'  itemscope=\"itemscope\" itemtype=\"https:\/\/schema.org\/CreativeWork\" ><div class='avia_textblock'  itemprop=\"text\" ><h2>Essere a proprio agio in un ambiente confortevole<\/h2>\n<p><strong>La ricerca di un benessere ac\u00fastico \u00e8 fondamentale.<\/strong> Sia per la persona che in quell\u2019ambiente deve vivere, lavorare, mangiare o semplicemente rilassarsi, sia per per chi, in quell\u2019ambiente, svolge il suo business.<\/p>\n<p><strong>Il benessere ac\u00fastico viene misurato dal <span style=\"text-decoration: underline;\"><a title=\"Riverbero acustico\" href=\"https:\/\/sviluppo.lvbitalia.com\/it\/benessere-acustico\/riverbero\/\">riverbero<\/a><\/span> all\u2019interno della stanza.<\/strong> Il <strong>riverbero<\/strong> \u00e8 quel<strong> fenomeno fisico per cui tutti i rumori prodotti all\u2019interno dell\u2019ambiente rimangono udibili per molto tempo<\/strong>, rendendo faticosa la comprensione e fastidiosa la permanenza nel locale.<br \/>\nIn letteratura ci sono studi per capire quali sono i valori di riverbero accettabili e auspicabili all\u2019interno di ogni tipologia di ambiente.<\/p>\n<\/div><\/section><br \/>\n<section  id=\"hidden-text-toggled\"  class='av_textblock_section av-khdmh7ji-136947167d3fbf9ff559e4a30d2e0867'  itemscope=\"itemscope\" itemtype=\"https:\/\/schema.org\/CreativeWork\" ><div class='avia_textblock'  itemprop=\"text\" ><h2>Perch\u00e9 dovrei preoccuparmi del benessere ac\u00fastico?<\/h2>\n<p><strong>Il benessere ac\u00fastico si riflette in produttivit\u00e0, salute e quindi anche sul tuo lavoro, quello della tua azienda o del tuo ristorante.<\/strong><\/p>\n<p>Uno studio francese indica che quasi<strong> il 60% dei lavoratori individua nel rumore una fonte di disturbo notevole<\/strong> e questo porta a molteplici ripercussioni, da mal di testa e scarsa concentrazione ad ansia, irritabilit\u00e0 e persino disturbi dell&#8217;udito.<\/p>\n<p>Un\u2019altra interessante analisi ci dice invece che <strong>9 persone su 10 ritengono il rumore di fondo il peggior problema dei ristoranti <\/strong>e che il 62% dei clienti non ritorner\u00e0 in un locale rumoroso.<\/p>\n<p>Tra gli altri effetti che sono previsti, secondo uno studio americano del 2019, con l\u2019aumento delle distrazioni acustiche e quindi dello stress correlato ci sono l&#8217;aumento dei livelli di eczema e delle contrazioni muscolari.<\/p>\n<h2>Ma il benessere ac\u00fastico \u00e8 uguale per tutti?<\/h2>\n<p>Ci sono degli studi su qual \u00e8 il riverbero pi\u00f9 indicato per ogni tipologia di locale, ma \u00e8 anche vero che in molti casi <strong>il <span style=\"text-decoration: underline;\"><a title=\"Comfort acustico\" href=\"https:\/\/sviluppo.lvbitalia.com\/it\/benessere-acustico\/comfort-acustico\/\">comfort acustico<\/a><\/span> \u00e8 soggettivo.<\/strong> LvB Italia per questo ti pu\u00f2 aiutare a <strong>trovare il giusto bilanciamento di prodotti per rendere confortevole il tuo spazio<\/strong>. <strong>I pannelli e tutti i nostri <span style=\"text-decoration: underline;\"><a title=\"Prodotti acustici LvB\" href=\"https:\/\/sviluppo.lvbitalia.com\/it\/pannelli-fonoassorbenti\/\">prodotti acustici<\/a><\/span> sono facilmente implementabili in modo da poter suggerire soluzioni scalabili<\/strong> per poter accontentarvi meglio.<\/p>\n<p>Inoltre partendo dalla <strong>tipologia di stanza<\/strong> (sala ristorante, ufficio, open space, sala meeting, ecc.) con la relativa metratura e dai materiali strutturali presenti su pavimentazione, soffitto, pareti e la presenza o meno di vetrate, potremmo elaborare una <strong>soluzione su misura<\/strong> che con l\u2019installazione dei nostri <strong>pannelli acustici<\/strong> <strong>risolva una volta per tutte il problema del riverbero.<\/strong><\/p>\n<p><strong>Vuoi richiedere una valutazione acustica personalizzata di un ambiente?<\/strong> Contattaci per una consulenza gratuita!<\/p>\n<\/div><\/section><br \/>\n<div  id=\"btn-toggle-hidden-text\"  class='avia-button-wrap avia-button-right  avia-builder-el-9  el_after_av_textblock  avia-builder-el-last ' ><a href=''  class='avia-button av-khq6j79q-fea555f904697010a30a8b635c1f0386 avia-icon_select-no avia-size-small avia-position-right avia-color-theme-color' ><span class='avia_iconbox_title' >Leggi tutto<\/span><\/a><\/div><\/p><\/div><\/div><!--close column table wrapper. Autoclose: 1 -->\n\n<\/div><\/div><\/div><!-- close content main div --><\/div><\/div><div id='section-ambienti'  class='avia-section av-3hazt-75eeaab5d63e5582005e8873f70fe12b main_color avia-section-default avia-no-border-styling  avia-builder-el-10  el_after_av_section  avia-builder-el-last  avia-bg-style-scroll container_wrap fullsize'  ><div class='container av-section-cont-open' ><div class='template-page content  av-content-full alpha units'><div class='post-entry post-entry-type-page post-entry-69'><div class='entry-content-wrapper clearfix'>\n<div  class='avia-buttonrow-wrap av-mfcc8e6c-fe96581765cca8ccc7ced341c54a94a3 avia-buttonrow-center  avia-builder-el-11  avia-builder-el-no-sibling  btn-home'>\n\n<style type=\"text\/css\" data-created_by=\"avia_inline_auto\" id=\"style-css-av-mfcc65wv-1e2ad615e6b8f992018e4dda3e3d31f0\">\n#top #wrap_all .avia-button.av-mfcc65wv-1e2ad615e6b8f992018e4dda3e3d31f0{\nmargin-bottom:30px;\nmargin-right:15px;\nmargin-left:15px;\n}\n<\/style>\n<a href='https:\/\/sviluppo.lvbitalia.com\/it\/benessere-acustico\/comfort-acustico\/'  class='avia-button av-mfcc65wv-1e2ad615e6b8f992018e4dda3e3d31f0 avia-icon_select-no avia-size-large avia-color-theme-color'  ><span class='avia_iconbox_title' >Comfort Acustico<\/span><\/a>\n\n<style type=\"text\/css\" data-created_by=\"avia_inline_auto\" id=\"style-css-av-mfcc6omu-6471561a6a31e504afd6b4149793c6e5\">\n#top #wrap_all .avia-button.av-mfcc6omu-6471561a6a31e504afd6b4149793c6e5{\nmargin-bottom:30px;\nmargin-right:15px;\nmargin-left:15px;\n}\n<\/style>\n<a href='https:\/\/sviluppo.lvbitalia.com\/it\/benessere-acustico\/riverbero\/'  class='avia-button av-mfcc6omu-6471561a6a31e504afd6b4149793c6e5 avia-icon_select-no avia-size-large avia-color-theme-color'  ><span class='avia_iconbox_title' >Riverbero<\/span><\/a>\n\n<style type=\"text\/css\" data-created_by=\"avia_inline_auto\" id=\"style-css-av-mfcc79ji-945959a055ba879f98db1c44f0c1b5a5\">\n#top #wrap_all .avia-button.av-mfcc79ji-945959a055ba879f98db1c44f0c1b5a5{\nmargin-bottom:30px;\nmargin-right:15px;\nmargin-left:15px;\n}\n<\/style>\n<a href='https:\/\/sviluppo.lvbitalia.com\/it\/benessere-acustico\/valutazione-acustica\/'  class='avia-button av-mfcc79ji-945959a055ba879f98db1c44f0c1b5a5 avia-icon_select-no avia-size-large avia-color-theme-color'  ><span class='avia_iconbox_title' >Valutazione acustica<\/span><\/a>\n\n<style type=\"text\/css\" data-created_by=\"avia_inline_auto\" id=\"style-css-av-mfcc79ji-bed8fe0c306678a8a9f32c1232a0c7e7\">\n#top #wrap_all .avia-button.av-mfcc79ji-bed8fe0c306678a8a9f32c1232a0c7e7{\nmargin-bottom:30px;\nmargin-right:15px;\nmargin-left:15px;\n}\n<\/style>\n<a href='https:\/\/sviluppo.lvbitalia.com\/it\/benessere-acustico\/calcolo-acustico\/'  class='avia-button av-mfcc79ji-bed8fe0c306678a8a9f32c1232a0c7e7 avia-icon_select-no avia-size-large avia-color-theme-color'  ><span class='avia_iconbox_title' >Calcolo acustico<\/span><\/a>\n\n<style type=\"text\/css\" data-created_by=\"avia_inline_auto\" id=\"style-css-av-mfcc79ji-3833492d399dec88c1ec7621c2a10100\">\n#top #wrap_all .avia-button.av-mfcc79ji-3833492d399dec88c1ec7621c2a10100{\nmargin-bottom:30px;\nmargin-right:15px;\nmargin-left:15px;\n}\n<\/style>\n<a href='https:\/\/sviluppo.lvbitalia.com\/it\/benessere-acustico\/coefficienti-di-fonoassorbimento\/'  class='avia-button av-mfcc79ji-3833492d399dec88c1ec7621c2a10100 avia-icon_select-no avia-size-large avia-color-theme-color'  ><span class='avia_iconbox_title' >Coefficienti di fonoassorbimento<\/span><\/a>\n<\/div>\n\n","protected":false},"excerpt":{"rendered":"","protected":false},"author":1,"featured_media":0,"parent":0,"menu_order":0,"comment_status":"closed","ping_status":"closed","template":"","meta":{"_acf_changed":false,"footnotes":""},"class_list":["post-69","page","type-page","status-publish","hentry"],"acf":[],"yoast_head":"<!-- This site is optimized with the Yoast SEO plugin v23.4 - https:\/\/yoast.com\/wordpress\/plugins\/seo\/ -->\n<title>Benessere acustico | LvB Italia<\/title>\n<meta name=\"description\" content=\"Benessere acustico \u27a4 Scopri come ridurre il riverbero e migliorare il comfort di uffici, ristoranti e spazi di lavoro \u2713Contattaci per una consulenza gratuita.\" \/>\n<meta name=\"robots\" content=\"noindex, follow, max-snippet:-1, max-image-preview:large, max-video-preview:-1\" \/>\n<meta property=\"og:locale\" content=\"it_IT\" \/>\n<meta property=\"og:type\" content=\"article\" \/>\n<meta property=\"og:title\" content=\"Benessere acustico | LvB Italia\" \/>\n<meta property=\"og:description\" content=\"Benessere acustico \u27a4 Scopri come ridurre il riverbero e migliorare il comfort di uffici, ristoranti e spazi di lavoro \u2713Contattaci per una consulenza gratuita.\" \/>\n<meta property=\"og:url\" content=\"https:\/\/sviluppo.lvbitalia.com\/it\/benessere-acustico\/\" \/>\n<meta property=\"og:site_name\" content=\"Pannelli fonoassorbenti design\" \/>\n<meta property=\"article:modified_time\" content=\"2025-09-22T13:21:14+00:00\" \/>\n<meta name=\"twitter:card\" content=\"summary_large_image\" \/>\n<meta name=\"twitter:label1\" content=\"Tempo di lettura stimato\" \/>\n\t<meta name=\"twitter:data1\" content=\"6 minuti\" \/>\n<script type=\"application\/ld+json\" class=\"yoast-schema-graph\">{\"@context\":\"https:\/\/schema.org\",\"@graph\":[{\"@type\":\"WebPage\",\"@id\":\"https:\/\/sviluppo.lvbitalia.com\/it\/benessere-acustico\/\",\"url\":\"https:\/\/sviluppo.lvbitalia.com\/it\/benessere-acustico\/\",\"name\":\"Benessere acustico | LvB Italia\",\"isPartOf\":{\"@id\":\"https:\/\/sviluppo.lvbitalia.com\/it\/#website\"},\"datePublished\":\"2020-10-23T15:51:11+00:00\",\"dateModified\":\"2025-09-22T13:21:14+00:00\",\"description\":\"Benessere acustico \u27a4 Scopri come ridurre il riverbero e migliorare il comfort di uffici, ristoranti e spazi di lavoro \u2713Contattaci per una consulenza gratuita.\",\"breadcrumb\":{\"@id\":\"https:\/\/sviluppo.lvbitalia.com\/it\/benessere-acustico\/#breadcrumb\"},\"inLanguage\":\"it-IT\",\"potentialAction\":[{\"@type\":\"ReadAction\",\"target\":[\"https:\/\/sviluppo.lvbitalia.com\/it\/benessere-acustico\/\"]}]},{\"@type\":\"BreadcrumbList\",\"@id\":\"https:\/\/sviluppo.lvbitalia.com\/it\/benessere-acustico\/#breadcrumb\",\"itemListElement\":[{\"@type\":\"ListItem\",\"position\":1,\"name\":\"Home\",\"item\":\"https:\/\/sviluppo.lvbitalia.com\/it\/\"},{\"@type\":\"ListItem\",\"position\":2,\"name\":\"Benessere acustico\"}]},{\"@type\":\"WebSite\",\"@id\":\"https:\/\/sviluppo.lvbitalia.com\/it\/#website\",\"url\":\"https:\/\/sviluppo.lvbitalia.com\/it\/\",\"name\":\"Pannelli fonoassorbenti design\",\"description\":\"PHONODESIGN Made in Italy\",\"publisher\":{\"@id\":\"https:\/\/sviluppo.lvbitalia.com\/it\/#organization\"},\"potentialAction\":[{\"@type\":\"SearchAction\",\"target\":{\"@type\":\"EntryPoint\",\"urlTemplate\":\"https:\/\/sviluppo.lvbitalia.com\/it\/?s={search_term_string}\"},\"query-input\":{\"@type\":\"PropertyValueSpecification\",\"valueRequired\":true,\"valueName\":\"search_term_string\"}}],\"inLanguage\":\"it-IT\"},{\"@type\":\"Organization\",\"@id\":\"https:\/\/sviluppo.lvbitalia.com\/it\/#organization\",\"name\":\"LvB Italia\",\"url\":\"https:\/\/sviluppo.lvbitalia.com\/it\/\",\"logo\":{\"@type\":\"ImageObject\",\"inLanguage\":\"it-IT\",\"@id\":\"https:\/\/sviluppo.lvbitalia.com\/it\/#\/schema\/logo\/image\/\",\"url\":\"https:\/\/sviluppo.lvbitalia.com\/wp-content\/uploads\/2022\/05\/logo-lvb-nero.png\",\"contentUrl\":\"https:\/\/sviluppo.lvbitalia.com\/wp-content\/uploads\/2022\/05\/logo-lvb-nero.png\",\"width\":314,\"height\":160,\"caption\":\"LvB Italia\"},\"image\":{\"@id\":\"https:\/\/sviluppo.lvbitalia.com\/it\/#\/schema\/logo\/image\/\"}}]}<\/script>\n<!-- \/ Yoast SEO plugin. -->","yoast_head_json":{"title":"Benessere acustico | LvB Italia","description":"Benessere acustico \u27a4 Scopri come ridurre il riverbero e migliorare il comfort di uffici, ristoranti e spazi di lavoro \u2713Contattaci per una consulenza gratuita.","robots":{"index":"noindex","follow":"follow","max-snippet":"max-snippet:-1","max-image-preview":"max-image-preview:large","max-video-preview":"max-video-preview:-1"},"og_locale":"it_IT","og_type":"article","og_title":"Benessere acustico | LvB Italia","og_description":"Benessere acustico \u27a4 Scopri come ridurre il riverbero e migliorare il comfort di uffici, ristoranti e spazi di lavoro \u2713Contattaci per una consulenza gratuita.","og_url":"https:\/\/sviluppo.lvbitalia.com\/it\/benessere-acustico\/","og_site_name":"Pannelli fonoassorbenti design","article_modified_time":"2025-09-22T13:21:14+00:00","twitter_card":"summary_large_image","twitter_misc":{"Tempo di lettura stimato":"6 minuti"},"schema":{"@context":"https:\/\/schema.org","@graph":[{"@type":"WebPage","@id":"https:\/\/sviluppo.lvbitalia.com\/it\/benessere-acustico\/","url":"https:\/\/sviluppo.lvbitalia.com\/it\/benessere-acustico\/","name":"Benessere acustico | LvB Italia","isPartOf":{"@id":"https:\/\/sviluppo.lvbitalia.com\/it\/#website"},"datePublished":"2020-10-23T15:51:11+00:00","dateModified":"2025-09-22T13:21:14+00:00","description":"Benessere acustico \u27a4 Scopri come ridurre il riverbero e migliorare il comfort di uffici, ristoranti e spazi di lavoro \u2713Contattaci per una consulenza gratuita.","breadcrumb":{"@id":"https:\/\/sviluppo.lvbitalia.com\/it\/benessere-acustico\/#breadcrumb"},"inLanguage":"it-IT","potentialAction":[{"@type":"ReadAction","target":["https:\/\/sviluppo.lvbitalia.com\/it\/benessere-acustico\/"]}]},{"@type":"BreadcrumbList","@id":"https:\/\/sviluppo.lvbitalia.com\/it\/benessere-acustico\/#breadcrumb","itemListElement":[{"@type":"ListItem","position":1,"name":"Home","item":"https:\/\/sviluppo.lvbitalia.com\/it\/"},{"@type":"ListItem","position":2,"name":"Benessere acustico"}]},{"@type":"WebSite","@id":"https:\/\/sviluppo.lvbitalia.com\/it\/#website","url":"https:\/\/sviluppo.lvbitalia.com\/it\/","name":"Pannelli fonoassorbenti design","description":"PHONODESIGN Made in Italy","publisher":{"@id":"https:\/\/sviluppo.lvbitalia.com\/it\/#organization"},"potentialAction":[{"@type":"SearchAction","target":{"@type":"EntryPoint","urlTemplate":"https:\/\/sviluppo.lvbitalia.com\/it\/?s={search_term_string}"},"query-input":{"@type":"PropertyValueSpecification","valueRequired":true,"valueName":"search_term_string"}}],"inLanguage":"it-IT"},{"@type":"Organization","@id":"https:\/\/sviluppo.lvbitalia.com\/it\/#organization","name":"LvB Italia","url":"https:\/\/sviluppo.lvbitalia.com\/it\/","logo":{"@type":"ImageObject","inLanguage":"it-IT","@id":"https:\/\/sviluppo.lvbitalia.com\/it\/#\/schema\/logo\/image\/","url":"https:\/\/sviluppo.lvbitalia.com\/wp-content\/uploads\/2022\/05\/logo-lvb-nero.png","contentUrl":"https:\/\/sviluppo.lvbitalia.com\/wp-content\/uploads\/2022\/05\/logo-lvb-nero.png","width":314,"height":160,"caption":"LvB Italia"},"image":{"@id":"https:\/\/sviluppo.lvbitalia.com\/it\/#\/schema\/logo\/image\/"}}]}},"_links":{"self":[{"href":"https:\/\/sviluppo.lvbitalia.com\/it\/wp-json\/wp\/v2\/pages\/69"}],"collection":[{"href":"https:\/\/sviluppo.lvbitalia.com\/it\/wp-json\/wp\/v2\/pages"}],"about":[{"href":"https:\/\/sviluppo.lvbitalia.com\/it\/wp-json\/wp\/v2\/types\/page"}],"author":[{"embeddable":true,"href":"https:\/\/sviluppo.lvbitalia.com\/it\/wp-json\/wp\/v2\/users\/1"}],"replies":[{"embeddable":true,"href":"https:\/\/sviluppo.lvbitalia.com\/it\/wp-json\/wp\/v2\/comments?post=69"}],"version-history":[{"count":19,"href":"https:\/\/sviluppo.lvbitalia.com\/it\/wp-json\/wp\/v2\/pages\/69\/revisions"}],"predecessor-version":[{"id":12506,"href":"https:\/\/sviluppo.lvbitalia.com\/it\/wp-json\/wp\/v2\/pages\/69\/revisions\/12506"}],"wp:attachment":[{"href":"https:\/\/sviluppo.lvbitalia.com\/it\/wp-json\/wp\/v2\/media?parent=69"}],"curies":[{"name":"wp","href":"https:\/\/api.w.org\/{rel}","templated":true}]}}