{"id":4607,"date":"2020-12-07T18:19:07","date_gmt":"2020-12-07T17:19:07","guid":{"rendered":"https:\/\/www.lvbitalia.com\/certificazioni\/"},"modified":"2025-09-22T16:29:01","modified_gmt":"2025-09-22T14:29:01","slug":"certifications","status":"publish","type":"page","link":"https:\/\/sviluppo.lvbitalia.com\/fr\/certifications\/","title":{"rendered":"Certifications"},"content":{"rendered":"<div id='av_section_1'  class='avia-section av-av_section-e20e11b232c33ea52312394292f0d9a7 main_color avia-section-default avia-no-border-styling  avia-builder-el-0  el_before_av_section  avia-builder-el-first  avia-bg-style-scroll container_wrap fullsize'  ><div class='container av-section-cont-open' ><main  role=\"main\" itemprop=\"mainContentOfPage\"  class='template-page content  av-content-full alpha units'><div class='post-entry post-entry-type-page post-entry-4607'><div class='entry-content-wrapper clearfix'>\n\n<style type=\"text\/css\" data-created_by=\"avia_inline_auto\" id=\"style-css-av-av_one_full-79ff81c021393065cee878051452f6a6\">\n.flex_column.av-av_one_full-79ff81c021393065cee878051452f6a6{\nborder-radius:0px 0px 0px 0px;\n-webkit-border-radius:0px 0px 0px 0px;\n-moz-border-radius:0px 0px 0px 0px;\n}\n<\/style>\n<div class='flex_column av-av_one_full-79ff81c021393065cee878051452f6a6 av_one_full  avia-builder-el-1  avia-builder-el-no-sibling  first flex_column_div av-zero-column-padding '   ><section  class='av_textblock_section av-khc6ew06-c810327b7a9ebd73bcad9d280d1aa37d'  itemscope=\"itemscope\" itemtype=\"https:\/\/schema.org\/CreativeWork\" ><div class='avia_textblock'  itemprop=\"text\" ><div class=\"breadcrumbs\" ><span><span><a href=\"https:\/\/sviluppo.lvbitalia.com\/fr\/\">Home<\/a><\/span><\/span><\/div>\n<\/div><\/section><\/div>\n\n<\/div><\/div><\/main><!-- close content main element --><\/div><\/div><div id='av_section_2'  class='avia-section av-4yjw5-cf70b6a4768d950bc322ddf291822d39 main_color avia-section-default avia-no-border-styling  avia-builder-el-3  el_after_av_section  avia-builder-el-last  avia-bg-style-scroll container_wrap fullsize'  ><div class='container av-section-cont-open' ><div class='template-page content  av-content-full alpha units'><div class='post-entry post-entry-type-page post-entry-4607'><div class='entry-content-wrapper clearfix'>\n<div class='flex_column_table av-4mwwt-85a2f07f2c76914835cc00d41ee241e1 sc-av_two_fifth av-break-at-tablet-flextable av-equal-height-column-flextable'>\n<style type=\"text\/css\" data-created_by=\"avia_inline_auto\" id=\"style-css-av-4mwwt-85a2f07f2c76914835cc00d41ee241e1\">\n#top .flex_column_table.av-equal-height-column-flextable.av-4mwwt-85a2f07f2c76914835cc00d41ee241e1{\nmargin-top:100px;\nmargin-bottom:50px;\n}\n.flex_column.av-4mwwt-85a2f07f2c76914835cc00d41ee241e1{\nborder-radius:0px 0px 0px 0px;\n-webkit-border-radius:0px 0px 0px 0px;\n-moz-border-radius:0px 0px 0px 0px;\n}\n<\/style>\n<div class='flex_column av-4mwwt-85a2f07f2c76914835cc00d41ee241e1 av_two_fifth  avia-builder-el-4  el_before_av_three_fifth  avia-builder-el-first  first av-break-at-tablet flex_column_table_cell av-equal-height-column av-align-top av-zero-column-padding '   ><section  class='av_textblock_section av-khb1n04q-7c78bc595f12be8cb7a8ad18c1a02185'  itemscope=\"itemscope\" itemtype=\"https:\/\/schema.org\/CreativeWork\" ><div class='avia_textblock'  itemprop=\"text\" ><h1>Certifications<\/h1>\n<\/div><\/section><\/div><div class='av-flex-placeholder'><\/div>\n<style type=\"text\/css\" data-created_by=\"avia_inline_auto\" id=\"style-css-av-3u8fd-4e2e0634f66827654a4719db5122f03c\">\n#top .flex_column_table.av-equal-height-column-flextable.av-3u8fd-4e2e0634f66827654a4719db5122f03c{\nmargin-top:100px;\nmargin-bottom:50px;\n}\n.flex_column.av-3u8fd-4e2e0634f66827654a4719db5122f03c{\nborder-radius:0px 0px 0px 0px;\n-webkit-border-radius:0px 0px 0px 0px;\n-moz-border-radius:0px 0px 0px 0px;\n}\n<\/style>\n<div class='flex_column av-3u8fd-4e2e0634f66827654a4719db5122f03c av_three_fifth  avia-builder-el-6  el_after_av_two_fifth  el_before_av_image  av-break-at-tablet flex_column_table_cell av-equal-height-column av-align-top av-zero-column-padding '   ><section  class='av_textblock_section av-khb1msnx-966b7858453e32acac412434bcac408b'  itemscope=\"itemscope\" itemtype=\"https:\/\/schema.org\/CreativeWork\" ><div class='avia_textblock'  itemprop=\"text\" ><p>Notre engagement envers l&rsquo;environnement qui nous a permis d&rsquo;atteindre les Crit\u00e8res Environnementaux Minimums (C.A.M.) requis pour \u00eatre inclus dans tous les environnements publics.<\/p>\n<p>En plus de cela, nous soulignons que les panneaux sont certifi\u00e9s UNI EN ISO 354 Analyse des performances et \u00e9valuation des m\u00e9thodes d&rsquo;utilisation optimale des mat\u00e9riaux insonorisants \u00e0 usage civil dans la salle de r\u00e9verb\u00e9ration de l&rsquo;Universit\u00e9 de Padoue.<\/p>\n<p>Les panneaux sont recouverts de tissu avec un int\u00e9rieur en fibre de polyester avec des pourcentages de mat\u00e9riaux recycl\u00e9s de 63% \u00e0 90% selon le produit, et il r\u00e9pond aux exigences REACH et LEED, il est \u00e9galement certifi\u00e9 B-s2-d0.<\/p>\n<p>Pour plus d&rsquo;informations n&rsquo;h\u00e9sitez pas \u00e0 nous contacter.<\/p>\n<\/div><\/section><\/div><\/div><!--close column table wrapper. Autoclose: 1 --><div  class='avia-image-container  av-styling-    avia-builder-el-8  el_after_av_three_fifth  el_before_av_partner  avia-align-center'  itemprop=\"image\" itemscope=\"itemscope\" itemtype=\"https:\/\/schema.org\/ImageObject\"  ><div class='avia-image-container-inner'><div class='avia-image-overlay-wrap'><img decoding=\"async\" class='wp-image-12795 avia-img-lazy-loading-not-12795 avia_image' src=\"https:\/\/sviluppo.lvbitalia.com\/wp-content\/uploads\/2025\/09\/Logo_LVB-CAM-705x106-1-300x45.png\" alt='' title='Logo_LVB-CAM-705x106' height=\"45\" width=\"300\"  itemprop=\"thumbnailUrl\" srcset=\"https:\/\/sviluppo.lvbitalia.com\/wp-content\/uploads\/2025\/09\/Logo_LVB-CAM-705x106-1-300x45.png 300w, https:\/\/sviluppo.lvbitalia.com\/wp-content\/uploads\/2025\/09\/Logo_LVB-CAM-705x106-1-1030x155.png 1030w, https:\/\/sviluppo.lvbitalia.com\/wp-content\/uploads\/2025\/09\/Logo_LVB-CAM-705x106-1-768x116.png 768w, https:\/\/sviluppo.lvbitalia.com\/wp-content\/uploads\/2025\/09\/Logo_LVB-CAM-705x106-1-1536x231.png 1536w, https:\/\/sviluppo.lvbitalia.com\/wp-content\/uploads\/2025\/09\/Logo_LVB-CAM-705x106-1-2048x308.png 2048w, https:\/\/sviluppo.lvbitalia.com\/wp-content\/uploads\/2025\/09\/Logo_LVB-CAM-705x106-1-1500x226.png 1500w, https:\/\/sviluppo.lvbitalia.com\/wp-content\/uploads\/2025\/09\/Logo_LVB-CAM-705x106-1-705x106.png 705w\" sizes=\"(max-width: 300px) 100vw, 300px\" \/><\/div><\/div><\/div>\n<div   data-autoplay='false'  data-interval='5'  data-animation='slide'  class='avia-logo-element-container av-kioa4dzt-fa98a96664bffb546727127f95d0b8c1 av-border-deactivate avia-logo-slider avia-content-slider avia-smallarrow-slider avia-content-slider-active noHover avia-content-slider-even  avia-builder-el-9  el_after_av_image  avia-builder-el-last  avia-content-slider1'><div class='avia-smallarrow-slider-heading  no-logo-slider-navigation  no-logo-slider-heading '><\/div><div class=\"avia-content-slider-inner\"><div class=\"slide-entry-wrap\"><div  class='slide-entry av-rmpbu-6a4ad6552bcb9c72c7ccf78841c065c5 flex_column no_margin av_one_fourth real-thumbnail post-entry slide-entry-overview slide-loop-1 slide-parity-odd  first'><img decoding=\"async\" width=\"152\" height=\"77\" src=\"https:\/\/sviluppo.lvbitalia.com\/wp-content\/uploads\/2020\/12\/Icone-Tessuti-1-03.png\" class=\"wp-image-4612 avia-img-lazy-loading-not-4612 attachment-medium size-medium\" alt=\"\" \/><\/div><div  class='slide-entry av-jt1o2-fd65501c1634c779cdd0c61dfcacff9f flex_column no_margin av_one_fourth real-thumbnail post-entry slide-entry-overview slide-loop-2 slide-parity-even  '><img decoding=\"async\" width=\"152\" height=\"77\" src=\"https:\/\/sviluppo.lvbitalia.com\/wp-content\/uploads\/2020\/12\/Icone-Tessuti.png\" class=\"wp-image-4608 avia-img-lazy-loading-not-4608 attachment-medium size-medium\" alt=\"\" \/><\/div><div  class='slide-entry av-g3k42-0fc6ff9649233812cc608a05f8a5c47c flex_column no_margin av_one_fourth real-thumbnail post-entry slide-entry-overview slide-loop-3 slide-parity-odd  '><img decoding=\"async\" width=\"152\" height=\"77\" src=\"https:\/\/sviluppo.lvbitalia.com\/wp-content\/uploads\/2020\/12\/Quality-Net.png\" class=\"wp-image-4614 avia-img-lazy-loading-not-4614 attachment-medium size-medium\" alt=\"\" \/><\/div><div  class='slide-entry av-121ii-b7b5ae7de02d460e8e4fa3c773aa14aa flex_column no_margin av_one_fourth real-thumbnail post-entry slide-entry-overview slide-loop-4 slide-parity-even post-entry-last '><img decoding=\"async\" width=\"152\" height=\"77\" src=\"https:\/\/sviluppo.lvbitalia.com\/wp-content\/uploads\/2025\/09\/oeko-tex-nobg.png\" class=\"wp-image-12804 avia-img-lazy-loading-not-12804 attachment-medium size-medium\" alt=\"\" \/><\/div><\/div><\/div><\/div>\n\n","protected":false},"excerpt":{"rendered":"","protected":false},"author":1,"featured_media":0,"parent":0,"menu_order":0,"comment_status":"closed","ping_status":"closed","template":"","meta":{"_acf_changed":false,"footnotes":""},"class_list":["post-4607","page","type-page","status-publish","hentry"],"acf":[],"yoast_head":"<!-- This site is optimized with the Yoast SEO plugin v23.4 - https:\/\/yoast.com\/wordpress\/plugins\/seo\/ -->\n<title>Certifications | LvB Italia<\/title>\n<meta name=\"description\" content=\"Les panneaux acoustiques LvB Italia respectent les Crit\u00e8res environnementaux minimaux (CAM), sont certifi\u00e9s UNI EN ISO 354 et contiennent des mat\u00e9riaux recycl\u00e9s.\" \/>\n<meta name=\"robots\" content=\"noindex, follow, max-snippet:-1, max-image-preview:large, max-video-preview:-1\" \/>\n<meta property=\"og:locale\" content=\"fr_FR\" \/>\n<meta property=\"og:type\" content=\"article\" \/>\n<meta property=\"og:title\" content=\"Certifications | LvB Italia\" \/>\n<meta property=\"og:description\" content=\"Les panneaux acoustiques LvB Italia respectent les Crit\u00e8res environnementaux minimaux (CAM), sont certifi\u00e9s UNI EN ISO 354 et contiennent des mat\u00e9riaux recycl\u00e9s.\" \/>\n<meta property=\"og:url\" content=\"https:\/\/sviluppo.lvbitalia.com\/fr\/certifications\/\" \/>\n<meta property=\"og:site_name\" content=\"Pannelli fonoassorbenti design\" \/>\n<meta property=\"article:modified_time\" content=\"2025-09-22T14:29:01+00:00\" \/>\n<meta name=\"twitter:card\" content=\"summary_large_image\" \/>\n<meta name=\"twitter:label1\" content=\"Dur\u00e9e de lecture estim\u00e9e\" \/>\n\t<meta name=\"twitter:data1\" content=\"3 minutes\" \/>\n<script type=\"application\/ld+json\" class=\"yoast-schema-graph\">{\"@context\":\"https:\/\/schema.org\",\"@graph\":[{\"@type\":\"WebPage\",\"@id\":\"https:\/\/sviluppo.lvbitalia.com\/fr\/certifications\/\",\"url\":\"https:\/\/sviluppo.lvbitalia.com\/fr\/certifications\/\",\"name\":\"Certifications | LvB Italia\",\"isPartOf\":{\"@id\":\"https:\/\/sviluppo.lvbitalia.com\/fr\/#website\"},\"datePublished\":\"2020-12-07T17:19:07+00:00\",\"dateModified\":\"2025-09-22T14:29:01+00:00\",\"description\":\"Les panneaux acoustiques LvB Italia respectent les Crit\u00e8res environnementaux minimaux (CAM), sont certifi\u00e9s UNI EN ISO 354 et contiennent des mat\u00e9riaux recycl\u00e9s.\",\"breadcrumb\":{\"@id\":\"https:\/\/sviluppo.lvbitalia.com\/fr\/certifications\/#breadcrumb\"},\"inLanguage\":\"fr-FR\",\"potentialAction\":[{\"@type\":\"ReadAction\",\"target\":[\"https:\/\/sviluppo.lvbitalia.com\/fr\/certifications\/\"]}]},{\"@type\":\"BreadcrumbList\",\"@id\":\"https:\/\/sviluppo.lvbitalia.com\/fr\/certifications\/#breadcrumb\",\"itemListElement\":[{\"@type\":\"ListItem\",\"position\":1,\"name\":\"Home\",\"item\":\"https:\/\/sviluppo.lvbitalia.com\/fr\/\"},{\"@type\":\"ListItem\",\"position\":2,\"name\":\"Certifications\"}]},{\"@type\":\"WebSite\",\"@id\":\"https:\/\/sviluppo.lvbitalia.com\/fr\/#website\",\"url\":\"https:\/\/sviluppo.lvbitalia.com\/fr\/\",\"name\":\"Pannelli fonoassorbenti design\",\"description\":\"PHONODESIGN Made in Italy\",\"publisher\":{\"@id\":\"https:\/\/sviluppo.lvbitalia.com\/fr\/#organization\"},\"potentialAction\":[{\"@type\":\"SearchAction\",\"target\":{\"@type\":\"EntryPoint\",\"urlTemplate\":\"https:\/\/sviluppo.lvbitalia.com\/fr\/?s={search_term_string}\"},\"query-input\":{\"@type\":\"PropertyValueSpecification\",\"valueRequired\":true,\"valueName\":\"search_term_string\"}}],\"inLanguage\":\"fr-FR\"},{\"@type\":\"Organization\",\"@id\":\"https:\/\/sviluppo.lvbitalia.com\/fr\/#organization\",\"name\":\"LvB Italia\",\"url\":\"https:\/\/sviluppo.lvbitalia.com\/fr\/\",\"logo\":{\"@type\":\"ImageObject\",\"inLanguage\":\"fr-FR\",\"@id\":\"https:\/\/sviluppo.lvbitalia.com\/fr\/#\/schema\/logo\/image\/\",\"url\":\"https:\/\/sviluppo.lvbitalia.com\/wp-content\/uploads\/2022\/05\/logo-lvb-nero.png\",\"contentUrl\":\"https:\/\/sviluppo.lvbitalia.com\/wp-content\/uploads\/2022\/05\/logo-lvb-nero.png\",\"width\":314,\"height\":160,\"caption\":\"LvB Italia\"},\"image\":{\"@id\":\"https:\/\/sviluppo.lvbitalia.com\/fr\/#\/schema\/logo\/image\/\"}}]}<\/script>\n<!-- \/ Yoast SEO plugin. -->","yoast_head_json":{"title":"Certifications | LvB Italia","description":"Les panneaux acoustiques LvB Italia respectent les Crit\u00e8res environnementaux minimaux (CAM), sont certifi\u00e9s UNI EN ISO 354 et contiennent des mat\u00e9riaux recycl\u00e9s.","robots":{"index":"noindex","follow":"follow","max-snippet":"max-snippet:-1","max-image-preview":"max-image-preview:large","max-video-preview":"max-video-preview:-1"},"og_locale":"fr_FR","og_type":"article","og_title":"Certifications | LvB Italia","og_description":"Les panneaux acoustiques LvB Italia respectent les Crit\u00e8res environnementaux minimaux (CAM), sont certifi\u00e9s UNI EN ISO 354 et contiennent des mat\u00e9riaux recycl\u00e9s.","og_url":"https:\/\/sviluppo.lvbitalia.com\/fr\/certifications\/","og_site_name":"Pannelli fonoassorbenti design","article_modified_time":"2025-09-22T14:29:01+00:00","twitter_card":"summary_large_image","twitter_misc":{"Dur\u00e9e de lecture estim\u00e9e":"3 minutes"},"schema":{"@context":"https:\/\/schema.org","@graph":[{"@type":"WebPage","@id":"https:\/\/sviluppo.lvbitalia.com\/fr\/certifications\/","url":"https:\/\/sviluppo.lvbitalia.com\/fr\/certifications\/","name":"Certifications | LvB Italia","isPartOf":{"@id":"https:\/\/sviluppo.lvbitalia.com\/fr\/#website"},"datePublished":"2020-12-07T17:19:07+00:00","dateModified":"2025-09-22T14:29:01+00:00","description":"Les panneaux acoustiques LvB Italia respectent les Crit\u00e8res environnementaux minimaux (CAM), sont certifi\u00e9s UNI EN ISO 354 et contiennent des mat\u00e9riaux recycl\u00e9s.","breadcrumb":{"@id":"https:\/\/sviluppo.lvbitalia.com\/fr\/certifications\/#breadcrumb"},"inLanguage":"fr-FR","potentialAction":[{"@type":"ReadAction","target":["https:\/\/sviluppo.lvbitalia.com\/fr\/certifications\/"]}]},{"@type":"BreadcrumbList","@id":"https:\/\/sviluppo.lvbitalia.com\/fr\/certifications\/#breadcrumb","itemListElement":[{"@type":"ListItem","position":1,"name":"Home","item":"https:\/\/sviluppo.lvbitalia.com\/fr\/"},{"@type":"ListItem","position":2,"name":"Certifications"}]},{"@type":"WebSite","@id":"https:\/\/sviluppo.lvbitalia.com\/fr\/#website","url":"https:\/\/sviluppo.lvbitalia.com\/fr\/","name":"Pannelli fonoassorbenti design","description":"PHONODESIGN Made in Italy","publisher":{"@id":"https:\/\/sviluppo.lvbitalia.com\/fr\/#organization"},"potentialAction":[{"@type":"SearchAction","target":{"@type":"EntryPoint","urlTemplate":"https:\/\/sviluppo.lvbitalia.com\/fr\/?s={search_term_string}"},"query-input":{"@type":"PropertyValueSpecification","valueRequired":true,"valueName":"search_term_string"}}],"inLanguage":"fr-FR"},{"@type":"Organization","@id":"https:\/\/sviluppo.lvbitalia.com\/fr\/#organization","name":"LvB Italia","url":"https:\/\/sviluppo.lvbitalia.com\/fr\/","logo":{"@type":"ImageObject","inLanguage":"fr-FR","@id":"https:\/\/sviluppo.lvbitalia.com\/fr\/#\/schema\/logo\/image\/","url":"https:\/\/sviluppo.lvbitalia.com\/wp-content\/uploads\/2022\/05\/logo-lvb-nero.png","contentUrl":"https:\/\/sviluppo.lvbitalia.com\/wp-content\/uploads\/2022\/05\/logo-lvb-nero.png","width":314,"height":160,"caption":"LvB Italia"},"image":{"@id":"https:\/\/sviluppo.lvbitalia.com\/fr\/#\/schema\/logo\/image\/"}}]}},"_links":{"self":[{"href":"https:\/\/sviluppo.lvbitalia.com\/fr\/wp-json\/wp\/v2\/pages\/4607"}],"collection":[{"href":"https:\/\/sviluppo.lvbitalia.com\/fr\/wp-json\/wp\/v2\/pages"}],"about":[{"href":"https:\/\/sviluppo.lvbitalia.com\/fr\/wp-json\/wp\/v2\/types\/page"}],"author":[{"embeddable":true,"href":"https:\/\/sviluppo.lvbitalia.com\/fr\/wp-json\/wp\/v2\/users\/1"}],"replies":[{"embeddable":true,"href":"https:\/\/sviluppo.lvbitalia.com\/fr\/wp-json\/wp\/v2\/comments?post=4607"}],"version-history":[{"count":5,"href":"https:\/\/sviluppo.lvbitalia.com\/fr\/wp-json\/wp\/v2\/pages\/4607\/revisions"}],"predecessor-version":[{"id":12808,"href":"https:\/\/sviluppo.lvbitalia.com\/fr\/wp-json\/wp\/v2\/pages\/4607\/revisions\/12808"}],"wp:attachment":[{"href":"https:\/\/sviluppo.lvbitalia.com\/fr\/wp-json\/wp\/v2\/media?parent=4607"}],"curies":[{"name":"wp","href":"https:\/\/api.w.org\/{rel}","templated":true}]}}