{"id":4572,"date":"2020-10-23T15:51:11","date_gmt":"2020-10-23T15:51:11","guid":{"rendered":"https:\/\/www.lvbitalia.com\/benessere-acustico\/"},"modified":"2025-09-22T16:10:33","modified_gmt":"2025-09-22T14:10:33","slug":"bien-etre-acoustique","status":"publish","type":"page","link":"https:\/\/sviluppo.lvbitalia.com\/fr\/bien-etre-acoustique\/","title":{"rendered":"Bien-\u00eatre acoustique"},"content":{"rendered":"<div id='av_section_1'  class='avia-section av-1ehex-083cc026326db27b64898a4dac0ba97e main_color avia-section-default avia-no-border-styling  avia-builder-el-0  el_before_av_section  avia-builder-el-first  avia-bg-style-scroll container_wrap fullsize'  ><div class='container av-section-cont-open' ><main  role=\"main\" itemprop=\"mainContentOfPage\"  class='template-page content  av-content-full alpha units'><div class='post-entry post-entry-type-page post-entry-4572'><div class='entry-content-wrapper clearfix'>\n\n<style type=\"text\/css\" data-created_by=\"avia_inline_auto\" id=\"style-css-av-s3jt-5b117ca38d5d12449e598caed01b1241\">\n.flex_column.av-s3jt-5b117ca38d5d12449e598caed01b1241{\nborder-radius:0px 0px 0px 0px;\n-webkit-border-radius:0px 0px 0px 0px;\n-moz-border-radius:0px 0px 0px 0px;\n}\n<\/style>\n<div class='flex_column av-s3jt-5b117ca38d5d12449e598caed01b1241 av_one_full  avia-builder-el-1  avia-builder-el-no-sibling  first flex_column_div av-zero-column-padding '   ><section  class='av_textblock_section av-khc6ew06-c810327b7a9ebd73bcad9d280d1aa37d'  itemscope=\"itemscope\" itemtype=\"https:\/\/schema.org\/CreativeWork\" ><div class='avia_textblock'  itemprop=\"text\" ><p style=\"text-align: right;\"><div class=\"breadcrumbs\" ><span><span><a href=\"https:\/\/sviluppo.lvbitalia.com\/fr\/\">Home<\/a><\/span><\/span><\/div><\/p>\n<\/div><\/section><\/div>\n\n<\/div><\/div><\/main><!-- close content main element --><\/div><\/div><div id='av_section_2'  class='avia-section av-4yjw5-cf70b6a4768d950bc322ddf291822d39 main_color avia-section-default avia-no-border-styling  avia-builder-el-3  el_after_av_section  el_before_av_section  avia-bg-style-scroll container_wrap fullsize'  ><div class='container av-section-cont-open' ><div class='template-page content  av-content-full alpha units'><div class='post-entry post-entry-type-page post-entry-4572'><div class='entry-content-wrapper clearfix'>\n<div class='flex_column_table av-4mwwt-936a6155570bb40351bee07c959ad788 sc-av_one_third av-break-at-tablet-flextable av-equal-height-column-flextable'>\n<style type=\"text\/css\" data-created_by=\"avia_inline_auto\" id=\"style-css-av-4mwwt-936a6155570bb40351bee07c959ad788\">\n#top .flex_column_table.av-equal-height-column-flextable.av-4mwwt-936a6155570bb40351bee07c959ad788{\nmargin-top:0px;\nmargin-bottom:50px;\n}\n.flex_column.av-4mwwt-936a6155570bb40351bee07c959ad788{\nborder-radius:0px 0px 0px 0px;\n-webkit-border-radius:0px 0px 0px 0px;\n-moz-border-radius:0px 0px 0px 0px;\n}\n<\/style>\n<div class='flex_column av-4mwwt-936a6155570bb40351bee07c959ad788 av_one_third  avia-builder-el-4  el_before_av_two_third  avia-builder-el-first  first av-break-at-tablet flex_column_table_cell av-equal-height-column av-align-top av-zero-column-padding '   ><section  class='av_textblock_section av-khb1n04q-70902a05fbe161b97cf9324209f77b9c'  itemscope=\"itemscope\" itemtype=\"https:\/\/schema.org\/CreativeWork\" ><div class='avia_textblock h-style'  itemprop=\"text\" ><h1>Bien-\u00eatre acoustique<\/h1>\n<\/div><\/section><\/div><div class='av-flex-placeholder'><\/div>\n<style type=\"text\/css\" data-created_by=\"avia_inline_auto\" id=\"style-css-av-54qj-90be8e86580c8db7b03c38b4744d42a1\">\n#top .flex_column_table.av-equal-height-column-flextable.av-54qj-90be8e86580c8db7b03c38b4744d42a1{\nmargin-top:0px;\nmargin-bottom:50px;\n}\n.flex_column.av-54qj-90be8e86580c8db7b03c38b4744d42a1{\nborder-radius:0px 0px 0px 0px;\n-webkit-border-radius:0px 0px 0px 0px;\n-moz-border-radius:0px 0px 0px 0px;\n}\n<\/style>\n<div class='flex_column av-54qj-90be8e86580c8db7b03c38b4744d42a1 av_two_third  avia-builder-el-6  el_after_av_one_third  avia-builder-el-last  av-break-at-tablet flex_column_table_cell av-equal-height-column av-align-top av-zero-column-padding '   ><section  id=\"btn-toggle-hidden-text\"  class='av_textblock_section av-khdmh7ji-d1adadb13ad7b8a1379b9737049ee6ef'  itemscope=\"itemscope\" itemtype=\"https:\/\/schema.org\/CreativeWork\" ><div class='avia_textblock'  itemprop=\"text\" ><h2>\u00catre \u00e0 l&rsquo;aise dans un environnement confortable<\/h2>\n<p><strong>La recherche du bien-\u00eatre acoustique est fondamentale.<\/strong> Tant pour la personne qui doit vivre, travailler, manger ou simplement se d\u00e9tendre dans cet environnement, que pour ceux qui y exercent leur activit\u00e9.<\/p>\n<p><strong>Le bien-\u00eatre acoustique se mesure par la r\u00e9verb\u00e9ration \u00e0 l&rsquo;int\u00e9rieur de la pi\u00e8ce.<\/strong> La<strong> r\u00e9verb\u00e9ration<\/strong> est le <strong>ph\u00e9nom\u00e8ne physique par lequel tous les bruits produits \u00e0 l&rsquo;int\u00e9rieur de la pi\u00e8ce restent audibles pendant longtemps<\/strong>, ce qui rend difficile la compr\u00e9hension et g\u00eanant de rester dans la pi\u00e8ce.<br \/>\nDans la litt\u00e9rature, il existe des \u00e9tudes pour comprendre quelles sont les valeurs de r\u00e9verb\u00e9ration acceptables et souhaitables au sein de chaque type d&rsquo;environnement.<\/p>\n<\/div><\/section><br \/>\n<section  id=\"hidden-text-toggled\"  class='av_textblock_section av-khdmh7ji-136947167d3fbf9ff559e4a30d2e0867'  itemscope=\"itemscope\" itemtype=\"https:\/\/schema.org\/CreativeWork\" ><div class='avia_textblock'  itemprop=\"text\" ><h2>Pourquoi devrais-je me soucier du bien-\u00eatre acoustique?<\/h2>\n<p><strong>Le bien-\u00eatre acoustique se refl\u00e8te dans la productivit\u00e9, la sant\u00e9 et donc aussi dans votre travail, celui de votre entreprise ou de votre restaurant.<\/strong><\/p>\n<p>Une \u00e9tude fran\u00e7aise indique que pr\u00e8s de <strong>60 % des travailleurs identifient le bruit comme une source importante de perturbation<\/strong> et cela entra\u00eene de multiples r\u00e9percussions, allant de maux de t\u00eate et de manque de concentration \u00e0 l&rsquo;anxi\u00e9t\u00e9, l&rsquo;irritabilit\u00e9 et m\u00eame des probl\u00e8mes auditifs.<\/p>\n<p>Une autre analyse int\u00e9ressante nous apprend plut\u00f4t que <strong>9 personnes sur 10 consid\u00e8rent le bruit de fond comme le pire probl\u00e8me dans les restaurants<\/strong> et que 62% des clients ne retourneront pas dans un endroit bruyant.<\/p>\n<p>Parmi les autres effets attendus, selon une \u00e9tude am\u00e9ricaine de 2019, avec l&rsquo;augmentation des distractions acoustiques et donc du stress associ\u00e9 figurent l&rsquo;augmentation des niveaux d&rsquo;ecz\u00e9ma et des contractions musculaires.<\/p>\n<h2>Mais le bien-\u00eatre acoustique est-il le m\u00eame pour tout le monde?<\/h2>\n<p>Il existe des \u00e9tudes sur la r\u00e9verb\u00e9ration la plus adapt\u00e9e \u00e0 chaque type de pi\u00e8ce, mais il est \u00e9galement vrai que dans de nombreux cas le <strong>confort acoustique est subjectif.<\/strong> Pour cela, LvB Italia peut vous aider \u00e0 <strong>trouver le bon \u00e9quilibre de produits pour rendre votre espace confortable. Les panneaux et tous nos produits acoustiques sont facilement mis en \u0153uvre afin que nous puissions vous proposer des solutions \u00e9volutives<\/strong> pour pouvoir mieux vous satisfaire.<\/p>\n<p>De plus, en partant du <strong>type de pi\u00e8ce<\/strong> (salle de restaurant, bureau, open space, salle de r\u00e9union, etc.) avec la superficie relative et des mat\u00e9riaux de structure pr\u00e9sents sur le plancher, le plafond, les murs et la pr\u00e9sence ou l&rsquo;absence de fen\u00eatres, nous pourrait d\u00e9velopper une <strong>solution sur mesure<\/strong> qui, avec l&rsquo;installation de nos <strong>panneaux acoustiques, r\u00e9sout une fois pour toutes le probl\u00e8me de la r\u00e9verb\u00e9ration.<\/strong><\/p>\n<p><strong>Vous souhaitez demander une \u00e9valuation acoustique personnalis\u00e9e d&rsquo;un environnement?<\/strong> Contactez-nous pour une consultation gratuite!<\/p>\n<\/div><\/section><br \/>\n<div  id=\"btn-toggle-hidden-text\"  class='avia-button-wrap avia-button-right  avia-builder-el-9  el_after_av_textblock  avia-builder-el-last ' ><a href=''  class='avia-button av-khq6j79q-513b57e8176de166d998069e17b3bba8 avia-icon_select-no avia-size-small avia-position-right avia-color-theme-color' ><span class='avia_iconbox_title' >Lire la suite<\/span><\/a><\/div><\/p><\/div><\/div><!--close column table wrapper. Autoclose: 1 -->\n\n<\/div><\/div><\/div><!-- close content main div --><\/div><\/div><div id='section-ambienti'  class='avia-section av-3hazt-ad6c5bb0842d91f81229163c234bb713 main_color avia-section-default avia-no-border-styling  avia-builder-el-10  el_after_av_section  avia-builder-el-last  avia-bg-style-scroll container_wrap fullsize'  ><div class='container av-section-cont-open' ><div class='template-page content  av-content-full alpha units'><div class='post-entry post-entry-type-page post-entry-4572'><div class='entry-content-wrapper clearfix'>\n<div  class='avia-buttonrow-wrap av-mfcchm1l-3001495b6923497420568ba6e3d1561e avia-buttonrow-center  avia-builder-el-11  avia-builder-el-no-sibling  btn-home'>\n\n<style type=\"text\/css\" data-created_by=\"avia_inline_auto\" id=\"style-css-av-mfccgoib-8c7d6789f88675c4eeac90e327bf88a4\">\n#top #wrap_all .avia-button.av-mfccgoib-8c7d6789f88675c4eeac90e327bf88a4{\nmargin-bottom:30px;\nmargin-right:15px;\nmargin-left:15px;\n}\n<\/style>\n<a href='https:\/\/sviluppo.lvbitalia.com\/fr\/bien-etre-acoustique\/confort-acoustique\/'  class='avia-button av-mfccgoib-8c7d6789f88675c4eeac90e327bf88a4 avia-icon_select-no avia-size-small avia-color-theme-color'  ><span class='avia_iconbox_title' >Confort acoustique<\/span><\/a>\n\n<style type=\"text\/css\" data-created_by=\"avia_inline_auto\" id=\"style-css-av-mfccgoib-d63c89bd6104e342279047eb7d8aacec\">\n#top #wrap_all .avia-button.av-mfccgoib-d63c89bd6104e342279047eb7d8aacec{\nmargin-bottom:30px;\nmargin-right:15px;\nmargin-left:15px;\n}\n<\/style>\n<a href='https:\/\/sviluppo.lvbitalia.com\/fr\/bien-etre-acoustique\/reverberation\/'  class='avia-button av-mfccgoib-d63c89bd6104e342279047eb7d8aacec avia-icon_select-no avia-size-small avia-color-theme-color'  ><span class='avia_iconbox_title' >R\u00e9verb\u00e9ration<\/span><\/a>\n\n<style type=\"text\/css\" data-created_by=\"avia_inline_auto\" id=\"style-css-av-mfccgoib-34680a3c506e6d378ce8d031cb25eb43\">\n#top #wrap_all .avia-button.av-mfccgoib-34680a3c506e6d378ce8d031cb25eb43{\nmargin-bottom:30px;\nmargin-right:15px;\nmargin-left:15px;\n}\n<\/style>\n<a href='https:\/\/sviluppo.lvbitalia.com\/fr\/bien-etre-acoustique\/evaluation-acoustique\/'  class='avia-button av-mfccgoib-34680a3c506e6d378ce8d031cb25eb43 avia-icon_select-no avia-size-small avia-color-theme-color'  ><span class='avia_iconbox_title' >\u00c9valuation acoustique<\/span><\/a>\n\n<style type=\"text\/css\" data-created_by=\"avia_inline_auto\" id=\"style-css-av-mfccgoib-912731937de803648ac1da661e71dc50\">\n#top #wrap_all .avia-button.av-mfccgoib-912731937de803648ac1da661e71dc50{\nmargin-bottom:30px;\nmargin-right:15px;\nmargin-left:15px;\n}\n<\/style>\n<a href='https:\/\/sviluppo.lvbitalia.com\/fr\/bien-etre-acoustique\/calcul-acoustique\/'  class='avia-button av-mfccgoib-912731937de803648ac1da661e71dc50 avia-icon_select-no avia-size-small avia-color-theme-color'  ><span class='avia_iconbox_title' >Calcul acoustique<\/span><\/a>\n\n<style type=\"text\/css\" data-created_by=\"avia_inline_auto\" id=\"style-css-av-mfccgoib-cf0ec4754659d87800a1231e069b3afd\">\n#top #wrap_all .avia-button.av-mfccgoib-cf0ec4754659d87800a1231e069b3afd{\nmargin-bottom:30px;\nmargin-right:15px;\nmargin-left:15px;\n}\n<\/style>\n<a href='https:\/\/sviluppo.lvbitalia.com\/fr\/bien-etre-acoustique\/coefficients-dabsorption-acoustique\/'  class='avia-button av-mfccgoib-cf0ec4754659d87800a1231e069b3afd avia-icon_select-no avia-size-small avia-color-theme-color'  ><span class='avia_iconbox_title' >Coefficients de absorption acoustique<\/span><\/a>\n<\/div>\n\n","protected":false},"excerpt":{"rendered":"","protected":false},"author":1,"featured_media":0,"parent":0,"menu_order":0,"comment_status":"closed","ping_status":"closed","template":"","meta":{"_acf_changed":false,"footnotes":""},"class_list":["post-4572","page","type-page","status-publish","hentry"],"acf":[],"yoast_head":"<!-- This site is optimized with the Yoast SEO plugin v23.4 - https:\/\/yoast.com\/wordpress\/plugins\/seo\/ -->\n<title>Bien-\u00eatre acoustique | LvB Italia<\/title>\n<meta name=\"description\" content=\"Bien-\u00eatre acoustique \u27a4 D\u00e9couvrez comment r\u00e9duire la r\u00e9verb\u00e9ration et am\u00e9liorer le confort des bureaux, restaurants et espaces de travail \u2713Contactez-nous pour un conseil gratuit.\" \/>\n<meta name=\"robots\" content=\"noindex, follow, max-snippet:-1, max-image-preview:large, max-video-preview:-1\" \/>\n<meta property=\"og:locale\" content=\"fr_FR\" \/>\n<meta property=\"og:type\" content=\"article\" \/>\n<meta property=\"og:title\" content=\"Bien-\u00eatre acoustique | LvB Italia\" \/>\n<meta property=\"og:description\" content=\"Bien-\u00eatre acoustique \u27a4 D\u00e9couvrez comment r\u00e9duire la r\u00e9verb\u00e9ration et am\u00e9liorer le confort des bureaux, restaurants et espaces de travail \u2713Contactez-nous pour un conseil gratuit.\" \/>\n<meta property=\"og:url\" content=\"https:\/\/sviluppo.lvbitalia.com\/fr\/bien-etre-acoustique\/\" \/>\n<meta property=\"og:site_name\" content=\"Pannelli fonoassorbenti design\" \/>\n<meta property=\"article:modified_time\" content=\"2025-09-22T14:10:33+00:00\" \/>\n<meta name=\"twitter:card\" content=\"summary_large_image\" \/>\n<meta name=\"twitter:label1\" content=\"Dur\u00e9e de lecture estim\u00e9e\" \/>\n\t<meta name=\"twitter:data1\" content=\"6 minutes\" \/>\n<script type=\"application\/ld+json\" class=\"yoast-schema-graph\">{\"@context\":\"https:\/\/schema.org\",\"@graph\":[{\"@type\":\"WebPage\",\"@id\":\"https:\/\/sviluppo.lvbitalia.com\/fr\/bien-etre-acoustique\/\",\"url\":\"https:\/\/sviluppo.lvbitalia.com\/fr\/bien-etre-acoustique\/\",\"name\":\"Bien-\u00eatre acoustique | LvB Italia\",\"isPartOf\":{\"@id\":\"https:\/\/sviluppo.lvbitalia.com\/fr\/#website\"},\"datePublished\":\"2020-10-23T15:51:11+00:00\",\"dateModified\":\"2025-09-22T14:10:33+00:00\",\"description\":\"Bien-\u00eatre acoustique \u27a4 D\u00e9couvrez comment r\u00e9duire la r\u00e9verb\u00e9ration et am\u00e9liorer le confort des bureaux, restaurants et espaces de travail \u2713Contactez-nous pour un conseil gratuit.\",\"breadcrumb\":{\"@id\":\"https:\/\/sviluppo.lvbitalia.com\/fr\/bien-etre-acoustique\/#breadcrumb\"},\"inLanguage\":\"fr-FR\",\"potentialAction\":[{\"@type\":\"ReadAction\",\"target\":[\"https:\/\/sviluppo.lvbitalia.com\/fr\/bien-etre-acoustique\/\"]}]},{\"@type\":\"BreadcrumbList\",\"@id\":\"https:\/\/sviluppo.lvbitalia.com\/fr\/bien-etre-acoustique\/#breadcrumb\",\"itemListElement\":[{\"@type\":\"ListItem\",\"position\":1,\"name\":\"Home\",\"item\":\"https:\/\/sviluppo.lvbitalia.com\/fr\/\"},{\"@type\":\"ListItem\",\"position\":2,\"name\":\"Bien-\u00eatre acoustique\"}]},{\"@type\":\"WebSite\",\"@id\":\"https:\/\/sviluppo.lvbitalia.com\/fr\/#website\",\"url\":\"https:\/\/sviluppo.lvbitalia.com\/fr\/\",\"name\":\"Pannelli fonoassorbenti design\",\"description\":\"PHONODESIGN Made in Italy\",\"publisher\":{\"@id\":\"https:\/\/sviluppo.lvbitalia.com\/fr\/#organization\"},\"potentialAction\":[{\"@type\":\"SearchAction\",\"target\":{\"@type\":\"EntryPoint\",\"urlTemplate\":\"https:\/\/sviluppo.lvbitalia.com\/fr\/?s={search_term_string}\"},\"query-input\":{\"@type\":\"PropertyValueSpecification\",\"valueRequired\":true,\"valueName\":\"search_term_string\"}}],\"inLanguage\":\"fr-FR\"},{\"@type\":\"Organization\",\"@id\":\"https:\/\/sviluppo.lvbitalia.com\/fr\/#organization\",\"name\":\"LvB Italia\",\"url\":\"https:\/\/sviluppo.lvbitalia.com\/fr\/\",\"logo\":{\"@type\":\"ImageObject\",\"inLanguage\":\"fr-FR\",\"@id\":\"https:\/\/sviluppo.lvbitalia.com\/fr\/#\/schema\/logo\/image\/\",\"url\":\"https:\/\/sviluppo.lvbitalia.com\/wp-content\/uploads\/2022\/05\/logo-lvb-nero.png\",\"contentUrl\":\"https:\/\/sviluppo.lvbitalia.com\/wp-content\/uploads\/2022\/05\/logo-lvb-nero.png\",\"width\":314,\"height\":160,\"caption\":\"LvB Italia\"},\"image\":{\"@id\":\"https:\/\/sviluppo.lvbitalia.com\/fr\/#\/schema\/logo\/image\/\"}}]}<\/script>\n<!-- \/ Yoast SEO plugin. -->","yoast_head_json":{"title":"Bien-\u00eatre acoustique | LvB Italia","description":"Bien-\u00eatre acoustique \u27a4 D\u00e9couvrez comment r\u00e9duire la r\u00e9verb\u00e9ration et am\u00e9liorer le confort des bureaux, restaurants et espaces de travail \u2713Contactez-nous pour un conseil gratuit.","robots":{"index":"noindex","follow":"follow","max-snippet":"max-snippet:-1","max-image-preview":"max-image-preview:large","max-video-preview":"max-video-preview:-1"},"og_locale":"fr_FR","og_type":"article","og_title":"Bien-\u00eatre acoustique | LvB Italia","og_description":"Bien-\u00eatre acoustique \u27a4 D\u00e9couvrez comment r\u00e9duire la r\u00e9verb\u00e9ration et am\u00e9liorer le confort des bureaux, restaurants et espaces de travail \u2713Contactez-nous pour un conseil gratuit.","og_url":"https:\/\/sviluppo.lvbitalia.com\/fr\/bien-etre-acoustique\/","og_site_name":"Pannelli fonoassorbenti design","article_modified_time":"2025-09-22T14:10:33+00:00","twitter_card":"summary_large_image","twitter_misc":{"Dur\u00e9e de lecture estim\u00e9e":"6 minutes"},"schema":{"@context":"https:\/\/schema.org","@graph":[{"@type":"WebPage","@id":"https:\/\/sviluppo.lvbitalia.com\/fr\/bien-etre-acoustique\/","url":"https:\/\/sviluppo.lvbitalia.com\/fr\/bien-etre-acoustique\/","name":"Bien-\u00eatre acoustique | LvB Italia","isPartOf":{"@id":"https:\/\/sviluppo.lvbitalia.com\/fr\/#website"},"datePublished":"2020-10-23T15:51:11+00:00","dateModified":"2025-09-22T14:10:33+00:00","description":"Bien-\u00eatre acoustique \u27a4 D\u00e9couvrez comment r\u00e9duire la r\u00e9verb\u00e9ration et am\u00e9liorer le confort des bureaux, restaurants et espaces de travail \u2713Contactez-nous pour un conseil gratuit.","breadcrumb":{"@id":"https:\/\/sviluppo.lvbitalia.com\/fr\/bien-etre-acoustique\/#breadcrumb"},"inLanguage":"fr-FR","potentialAction":[{"@type":"ReadAction","target":["https:\/\/sviluppo.lvbitalia.com\/fr\/bien-etre-acoustique\/"]}]},{"@type":"BreadcrumbList","@id":"https:\/\/sviluppo.lvbitalia.com\/fr\/bien-etre-acoustique\/#breadcrumb","itemListElement":[{"@type":"ListItem","position":1,"name":"Home","item":"https:\/\/sviluppo.lvbitalia.com\/fr\/"},{"@type":"ListItem","position":2,"name":"Bien-\u00eatre acoustique"}]},{"@type":"WebSite","@id":"https:\/\/sviluppo.lvbitalia.com\/fr\/#website","url":"https:\/\/sviluppo.lvbitalia.com\/fr\/","name":"Pannelli fonoassorbenti design","description":"PHONODESIGN Made in Italy","publisher":{"@id":"https:\/\/sviluppo.lvbitalia.com\/fr\/#organization"},"potentialAction":[{"@type":"SearchAction","target":{"@type":"EntryPoint","urlTemplate":"https:\/\/sviluppo.lvbitalia.com\/fr\/?s={search_term_string}"},"query-input":{"@type":"PropertyValueSpecification","valueRequired":true,"valueName":"search_term_string"}}],"inLanguage":"fr-FR"},{"@type":"Organization","@id":"https:\/\/sviluppo.lvbitalia.com\/fr\/#organization","name":"LvB Italia","url":"https:\/\/sviluppo.lvbitalia.com\/fr\/","logo":{"@type":"ImageObject","inLanguage":"fr-FR","@id":"https:\/\/sviluppo.lvbitalia.com\/fr\/#\/schema\/logo\/image\/","url":"https:\/\/sviluppo.lvbitalia.com\/wp-content\/uploads\/2022\/05\/logo-lvb-nero.png","contentUrl":"https:\/\/sviluppo.lvbitalia.com\/wp-content\/uploads\/2022\/05\/logo-lvb-nero.png","width":314,"height":160,"caption":"LvB Italia"},"image":{"@id":"https:\/\/sviluppo.lvbitalia.com\/fr\/#\/schema\/logo\/image\/"}}]}},"_links":{"self":[{"href":"https:\/\/sviluppo.lvbitalia.com\/fr\/wp-json\/wp\/v2\/pages\/4572"}],"collection":[{"href":"https:\/\/sviluppo.lvbitalia.com\/fr\/wp-json\/wp\/v2\/pages"}],"about":[{"href":"https:\/\/sviluppo.lvbitalia.com\/fr\/wp-json\/wp\/v2\/types\/page"}],"author":[{"embeddable":true,"href":"https:\/\/sviluppo.lvbitalia.com\/fr\/wp-json\/wp\/v2\/users\/1"}],"replies":[{"embeddable":true,"href":"https:\/\/sviluppo.lvbitalia.com\/fr\/wp-json\/wp\/v2\/comments?post=4572"}],"version-history":[{"count":9,"href":"https:\/\/sviluppo.lvbitalia.com\/fr\/wp-json\/wp\/v2\/pages\/4572\/revisions"}],"predecessor-version":[{"id":12510,"href":"https:\/\/sviluppo.lvbitalia.com\/fr\/wp-json\/wp\/v2\/pages\/4572\/revisions\/12510"}],"wp:attachment":[{"href":"https:\/\/sviluppo.lvbitalia.com\/fr\/wp-json\/wp\/v2\/media?parent=4572"}],"curies":[{"name":"wp","href":"https:\/\/api.w.org\/{rel}","templated":true}]}}