{"id":4609,"date":"2020-12-07T18:19:07","date_gmt":"2020-12-07T17:19:07","guid":{"rendered":"https:\/\/www.lvbitalia.com\/certificazioni\/"},"modified":"2025-09-22T20:55:43","modified_gmt":"2025-09-22T18:55:43","slug":"certificaciones","status":"publish","type":"page","link":"https:\/\/sviluppo.lvbitalia.com\/es\/certificaciones\/","title":{"rendered":"Certificaciones"},"content":{"rendered":"<div id='av_section_1'  class='avia-section av-av_section-e20e11b232c33ea52312394292f0d9a7 main_color avia-section-default avia-no-border-styling  avia-builder-el-0  el_before_av_section  avia-builder-el-first  avia-bg-style-scroll container_wrap fullsize'  ><div class='container av-section-cont-open' ><main  role=\"main\" itemprop=\"mainContentOfPage\"  class='template-page content  av-content-full alpha units'><div class='post-entry post-entry-type-page post-entry-4609'><div class='entry-content-wrapper clearfix'>\n\n<style type=\"text\/css\" data-created_by=\"avia_inline_auto\" id=\"style-css-av-av_one_full-79ff81c021393065cee878051452f6a6\">\n.flex_column.av-av_one_full-79ff81c021393065cee878051452f6a6{\nborder-radius:0px 0px 0px 0px;\n-webkit-border-radius:0px 0px 0px 0px;\n-moz-border-radius:0px 0px 0px 0px;\n}\n<\/style>\n<div class='flex_column av-av_one_full-79ff81c021393065cee878051452f6a6 av_one_full  avia-builder-el-1  avia-builder-el-no-sibling  first flex_column_div av-zero-column-padding '   ><section  class='av_textblock_section av-khc6ew06-c810327b7a9ebd73bcad9d280d1aa37d'  itemscope=\"itemscope\" itemtype=\"https:\/\/schema.org\/CreativeWork\" ><div class='avia_textblock'  itemprop=\"text\" ><div class=\"breadcrumbs\" ><span><span><a href=\"https:\/\/sviluppo.lvbitalia.com\/es\/\">Home<\/a><\/span><\/span><\/div>\n<\/div><\/section><\/div>\n\n<\/div><\/div><\/main><!-- close content main element --><\/div><\/div><div id='av_section_2'  class='avia-section av-4yjw5-cf70b6a4768d950bc322ddf291822d39 main_color avia-section-default avia-no-border-styling  avia-builder-el-3  el_after_av_section  avia-builder-el-last  avia-bg-style-scroll container_wrap fullsize'  ><div class='container av-section-cont-open' ><div class='template-page content  av-content-full alpha units'><div class='post-entry post-entry-type-page post-entry-4609'><div class='entry-content-wrapper clearfix'>\n<div class='flex_column_table av-4mwwt-85a2f07f2c76914835cc00d41ee241e1 sc-av_two_fifth av-break-at-tablet-flextable av-equal-height-column-flextable'>\n<style type=\"text\/css\" data-created_by=\"avia_inline_auto\" id=\"style-css-av-4mwwt-85a2f07f2c76914835cc00d41ee241e1\">\n#top .flex_column_table.av-equal-height-column-flextable.av-4mwwt-85a2f07f2c76914835cc00d41ee241e1{\nmargin-top:100px;\nmargin-bottom:50px;\n}\n.flex_column.av-4mwwt-85a2f07f2c76914835cc00d41ee241e1{\nborder-radius:0px 0px 0px 0px;\n-webkit-border-radius:0px 0px 0px 0px;\n-moz-border-radius:0px 0px 0px 0px;\n}\n<\/style>\n<div class='flex_column av-4mwwt-85a2f07f2c76914835cc00d41ee241e1 av_two_fifth  avia-builder-el-4  el_before_av_three_fifth  avia-builder-el-first  first av-break-at-tablet flex_column_table_cell av-equal-height-column av-align-top av-zero-column-padding '   ><section  class='av_textblock_section av-khb1n04q-7c78bc595f12be8cb7a8ad18c1a02185'  itemscope=\"itemscope\" itemtype=\"https:\/\/schema.org\/CreativeWork\" ><div class='avia_textblock'  itemprop=\"text\" ><h1>Certificaciones<\/h1>\n<\/div><\/section><\/div><div class='av-flex-placeholder'><\/div>\n<style type=\"text\/css\" data-created_by=\"avia_inline_auto\" id=\"style-css-av-3u8fd-4e2e0634f66827654a4719db5122f03c\">\n#top .flex_column_table.av-equal-height-column-flextable.av-3u8fd-4e2e0634f66827654a4719db5122f03c{\nmargin-top:100px;\nmargin-bottom:50px;\n}\n.flex_column.av-3u8fd-4e2e0634f66827654a4719db5122f03c{\nborder-radius:0px 0px 0px 0px;\n-webkit-border-radius:0px 0px 0px 0px;\n-moz-border-radius:0px 0px 0px 0px;\n}\n<\/style>\n<div class='flex_column av-3u8fd-4e2e0634f66827654a4719db5122f03c av_three_fifth  avia-builder-el-6  el_after_av_two_fifth  el_before_av_image  av-break-at-tablet flex_column_table_cell av-equal-height-column av-align-top av-zero-column-padding '   ><section  class='av_textblock_section av-khb1msnx-966b7858453e32acac412434bcac408b'  itemscope=\"itemscope\" itemtype=\"https:\/\/schema.org\/CreativeWork\" ><div class='avia_textblock'  itemprop=\"text\" ><p>Nuestro compromiso con el medio ambiente que nos hizo alcanzar los Criterios M\u00ednimos Ambientales (C.A.M.) requeridos para ser incluidos en todos los entornos p\u00fablicos.<\/p>\n<p>Adem\u00e1s de esto, destacamos que los paneles est\u00e1n certificados con UNI EN ISO 354 An\u00e1lisis de desempe\u00f1o y evaluaci\u00f3n de los m\u00e9todos de uso \u00f3ptimo de materiales fonoabsorbentes para usos civiles en la sala de reverberaci\u00f3n de la Universidad de Padua.<\/p>\n<p>Los paneles est\u00e1n revestidos con tejido con un interior de fibra de poli\u00e9ster con porcentajes de material reciclado del 63% al 90% seg\u00fan el producto, y cumple con los requisitos REACH y LEED, adem\u00e1s est\u00e1 certificado B-s2-d0.<\/p>\n<p>Para m\u00e1s informaci\u00f3n no dude en contactarnos.<\/p>\n<\/div><\/section><\/div><\/div><!--close column table wrapper. Autoclose: 1 --><div  class='avia-image-container  av-styling-    avia-builder-el-8  el_after_av_three_fifth  el_before_av_partner  avia-align-center'  itemprop=\"image\" itemscope=\"itemscope\" itemtype=\"https:\/\/schema.org\/ImageObject\"  ><div class='avia-image-container-inner'><div class='avia-image-overlay-wrap'><img decoding=\"async\" class='wp-image-12796 avia-img-lazy-loading-not-12796 avia_image' src=\"https:\/\/sviluppo.lvbitalia.com\/wp-content\/uploads\/2025\/09\/Logo_LVB-CAM-705x106-1-300x45.png\" alt='' title='Logo_LVB-CAM-705x106' height=\"45\" width=\"300\"  itemprop=\"thumbnailUrl\" srcset=\"https:\/\/sviluppo.lvbitalia.com\/wp-content\/uploads\/2025\/09\/Logo_LVB-CAM-705x106-1-300x45.png 300w, https:\/\/sviluppo.lvbitalia.com\/wp-content\/uploads\/2025\/09\/Logo_LVB-CAM-705x106-1-1030x155.png 1030w, https:\/\/sviluppo.lvbitalia.com\/wp-content\/uploads\/2025\/09\/Logo_LVB-CAM-705x106-1-768x116.png 768w, https:\/\/sviluppo.lvbitalia.com\/wp-content\/uploads\/2025\/09\/Logo_LVB-CAM-705x106-1-1536x231.png 1536w, https:\/\/sviluppo.lvbitalia.com\/wp-content\/uploads\/2025\/09\/Logo_LVB-CAM-705x106-1-2048x308.png 2048w, https:\/\/sviluppo.lvbitalia.com\/wp-content\/uploads\/2025\/09\/Logo_LVB-CAM-705x106-1-1500x226.png 1500w, https:\/\/sviluppo.lvbitalia.com\/wp-content\/uploads\/2025\/09\/Logo_LVB-CAM-705x106-1-705x106.png 705w\" sizes=\"(max-width: 300px) 100vw, 300px\" \/><\/div><\/div><\/div>\n<div   data-autoplay='false'  data-interval='5'  data-animation='slide'  class='avia-logo-element-container av-kioa4dzt-fa98a96664bffb546727127f95d0b8c1 av-border-deactivate avia-logo-slider avia-content-slider avia-smallarrow-slider avia-content-slider-active noHover avia-content-slider-even  avia-builder-el-9  el_after_av_image  avia-builder-el-last  avia-content-slider1'><div class='avia-smallarrow-slider-heading  no-logo-slider-navigation  no-logo-slider-heading '><\/div><div class=\"avia-content-slider-inner\"><div class=\"slide-entry-wrap\"><div  class='slide-entry av-rmpbu-6a4ad6552bcb9c72c7ccf78841c065c5 flex_column no_margin av_one_fourth real-thumbnail post-entry slide-entry-overview slide-loop-1 slide-parity-odd  first'><img decoding=\"async\" width=\"152\" height=\"77\" src=\"https:\/\/sviluppo.lvbitalia.com\/wp-content\/uploads\/2020\/12\/Icone-Tessuti-1-03.png\" class=\"wp-image-4616 avia-img-lazy-loading-not-4616 attachment-medium size-medium\" alt=\"\" \/><\/div><div  class='slide-entry av-jt1o2-fd65501c1634c779cdd0c61dfcacff9f flex_column no_margin av_one_fourth real-thumbnail post-entry slide-entry-overview slide-loop-2 slide-parity-even  '><img decoding=\"async\" width=\"152\" height=\"77\" src=\"https:\/\/sviluppo.lvbitalia.com\/wp-content\/uploads\/2020\/12\/Icone-Tessuti.png\" class=\"wp-image-4610 avia-img-lazy-loading-not-4610 attachment-medium size-medium\" alt=\"\" \/><\/div><div  class='slide-entry av-g3k42-0fc6ff9649233812cc608a05f8a5c47c flex_column no_margin av_one_fourth real-thumbnail post-entry slide-entry-overview slide-loop-3 slide-parity-odd  '><img decoding=\"async\" width=\"152\" height=\"77\" src=\"https:\/\/sviluppo.lvbitalia.com\/wp-content\/uploads\/2020\/12\/Quality-Net.png\" class=\"wp-image-4618 avia-img-lazy-loading-not-4618 attachment-medium size-medium\" alt=\"\" \/><\/div><div  class='slide-entry av-121ii-81ee3183e372928e92bd8b3941f8c2a1 flex_column no_margin av_one_fourth real-thumbnail post-entry slide-entry-overview slide-loop-4 slide-parity-even post-entry-last '><img decoding=\"async\" width=\"152\" height=\"77\" src=\"https:\/\/sviluppo.lvbitalia.com\/wp-content\/uploads\/2025\/09\/oeko-tex-nobg.png\" class=\"wp-image-12805 avia-img-lazy-loading-not-12805 attachment-medium size-medium\" alt=\"\" \/><\/div><\/div><\/div><\/div>\n\n","protected":false},"excerpt":{"rendered":"","protected":false},"author":1,"featured_media":0,"parent":0,"menu_order":0,"comment_status":"closed","ping_status":"closed","template":"","meta":{"_acf_changed":false,"footnotes":""},"class_list":["post-4609","page","type-page","status-publish","hentry"],"acf":[],"yoast_head":"<!-- This site is optimized with the Yoast SEO plugin v23.4 - https:\/\/yoast.com\/wordpress\/plugins\/seo\/ -->\n<title>Certificaciones | LvB Italia<\/title>\n<meta name=\"description\" content=\"I pannelli acustici Lvb Acoustics rispettano i Criteri Ambientali Minimi, sono certificati UNI EN ISO 354 e contengono materiale riciclato.\" \/>\n<meta name=\"robots\" content=\"noindex, follow, max-snippet:-1, max-image-preview:large, max-video-preview:-1\" \/>\n<meta property=\"og:locale\" content=\"es_ES\" \/>\n<meta property=\"og:type\" content=\"article\" \/>\n<meta property=\"og:title\" content=\"Certificaciones | LvB Italia\" \/>\n<meta property=\"og:description\" content=\"I pannelli acustici Lvb Acoustics rispettano i Criteri Ambientali Minimi, sono certificati UNI EN ISO 354 e contengono materiale riciclato.\" \/>\n<meta property=\"og:url\" content=\"https:\/\/sviluppo.lvbitalia.com\/es\/certificaciones\/\" \/>\n<meta property=\"og:site_name\" content=\"Pannelli fonoassorbenti design\" \/>\n<meta property=\"article:modified_time\" content=\"2025-09-22T18:55:43+00:00\" \/>\n<meta name=\"twitter:card\" content=\"summary_large_image\" \/>\n<meta name=\"twitter:label1\" content=\"Tiempo de lectura\" \/>\n\t<meta name=\"twitter:data1\" content=\"3 minutos\" \/>\n<script type=\"application\/ld+json\" class=\"yoast-schema-graph\">{\"@context\":\"https:\/\/schema.org\",\"@graph\":[{\"@type\":\"WebPage\",\"@id\":\"https:\/\/sviluppo.lvbitalia.com\/es\/certificaciones\/\",\"url\":\"https:\/\/sviluppo.lvbitalia.com\/es\/certificaciones\/\",\"name\":\"Certificaciones | LvB Italia\",\"isPartOf\":{\"@id\":\"https:\/\/sviluppo.lvbitalia.com\/es\/#website\"},\"datePublished\":\"2020-12-07T17:19:07+00:00\",\"dateModified\":\"2025-09-22T18:55:43+00:00\",\"description\":\"I pannelli acustici Lvb Acoustics rispettano i Criteri Ambientali Minimi, sono certificati UNI EN ISO 354 e contengono materiale riciclato.\",\"breadcrumb\":{\"@id\":\"https:\/\/sviluppo.lvbitalia.com\/es\/certificaciones\/#breadcrumb\"},\"inLanguage\":\"es\",\"potentialAction\":[{\"@type\":\"ReadAction\",\"target\":[\"https:\/\/sviluppo.lvbitalia.com\/es\/certificaciones\/\"]}]},{\"@type\":\"BreadcrumbList\",\"@id\":\"https:\/\/sviluppo.lvbitalia.com\/es\/certificaciones\/#breadcrumb\",\"itemListElement\":[{\"@type\":\"ListItem\",\"position\":1,\"name\":\"Home\",\"item\":\"https:\/\/sviluppo.lvbitalia.com\/es\/\"},{\"@type\":\"ListItem\",\"position\":2,\"name\":\"Certificaciones\"}]},{\"@type\":\"WebSite\",\"@id\":\"https:\/\/sviluppo.lvbitalia.com\/es\/#website\",\"url\":\"https:\/\/sviluppo.lvbitalia.com\/es\/\",\"name\":\"Pannelli fonoassorbenti design\",\"description\":\"PHONODESIGN Made in Italy\",\"publisher\":{\"@id\":\"https:\/\/sviluppo.lvbitalia.com\/es\/#organization\"},\"potentialAction\":[{\"@type\":\"SearchAction\",\"target\":{\"@type\":\"EntryPoint\",\"urlTemplate\":\"https:\/\/sviluppo.lvbitalia.com\/es\/?s={search_term_string}\"},\"query-input\":{\"@type\":\"PropertyValueSpecification\",\"valueRequired\":true,\"valueName\":\"search_term_string\"}}],\"inLanguage\":\"es\"},{\"@type\":\"Organization\",\"@id\":\"https:\/\/sviluppo.lvbitalia.com\/es\/#organization\",\"name\":\"LvB Italia\",\"url\":\"https:\/\/sviluppo.lvbitalia.com\/es\/\",\"logo\":{\"@type\":\"ImageObject\",\"inLanguage\":\"es\",\"@id\":\"https:\/\/sviluppo.lvbitalia.com\/es\/#\/schema\/logo\/image\/\",\"url\":\"https:\/\/sviluppo.lvbitalia.com\/wp-content\/uploads\/2022\/05\/logo-lvb-nero.png\",\"contentUrl\":\"https:\/\/sviluppo.lvbitalia.com\/wp-content\/uploads\/2022\/05\/logo-lvb-nero.png\",\"width\":314,\"height\":160,\"caption\":\"LvB Italia\"},\"image\":{\"@id\":\"https:\/\/sviluppo.lvbitalia.com\/es\/#\/schema\/logo\/image\/\"}}]}<\/script>\n<!-- \/ Yoast SEO plugin. -->","yoast_head_json":{"title":"Certificaciones | LvB Italia","description":"I pannelli acustici Lvb Acoustics rispettano i Criteri Ambientali Minimi, sono certificati UNI EN ISO 354 e contengono materiale riciclato.","robots":{"index":"noindex","follow":"follow","max-snippet":"max-snippet:-1","max-image-preview":"max-image-preview:large","max-video-preview":"max-video-preview:-1"},"og_locale":"es_ES","og_type":"article","og_title":"Certificaciones | LvB Italia","og_description":"I pannelli acustici Lvb Acoustics rispettano i Criteri Ambientali Minimi, sono certificati UNI EN ISO 354 e contengono materiale riciclato.","og_url":"https:\/\/sviluppo.lvbitalia.com\/es\/certificaciones\/","og_site_name":"Pannelli fonoassorbenti design","article_modified_time":"2025-09-22T18:55:43+00:00","twitter_card":"summary_large_image","twitter_misc":{"Tiempo de lectura":"3 minutos"},"schema":{"@context":"https:\/\/schema.org","@graph":[{"@type":"WebPage","@id":"https:\/\/sviluppo.lvbitalia.com\/es\/certificaciones\/","url":"https:\/\/sviluppo.lvbitalia.com\/es\/certificaciones\/","name":"Certificaciones | LvB Italia","isPartOf":{"@id":"https:\/\/sviluppo.lvbitalia.com\/es\/#website"},"datePublished":"2020-12-07T17:19:07+00:00","dateModified":"2025-09-22T18:55:43+00:00","description":"I pannelli acustici Lvb Acoustics rispettano i Criteri Ambientali Minimi, sono certificati UNI EN ISO 354 e contengono materiale riciclato.","breadcrumb":{"@id":"https:\/\/sviluppo.lvbitalia.com\/es\/certificaciones\/#breadcrumb"},"inLanguage":"es","potentialAction":[{"@type":"ReadAction","target":["https:\/\/sviluppo.lvbitalia.com\/es\/certificaciones\/"]}]},{"@type":"BreadcrumbList","@id":"https:\/\/sviluppo.lvbitalia.com\/es\/certificaciones\/#breadcrumb","itemListElement":[{"@type":"ListItem","position":1,"name":"Home","item":"https:\/\/sviluppo.lvbitalia.com\/es\/"},{"@type":"ListItem","position":2,"name":"Certificaciones"}]},{"@type":"WebSite","@id":"https:\/\/sviluppo.lvbitalia.com\/es\/#website","url":"https:\/\/sviluppo.lvbitalia.com\/es\/","name":"Pannelli fonoassorbenti design","description":"PHONODESIGN Made in Italy","publisher":{"@id":"https:\/\/sviluppo.lvbitalia.com\/es\/#organization"},"potentialAction":[{"@type":"SearchAction","target":{"@type":"EntryPoint","urlTemplate":"https:\/\/sviluppo.lvbitalia.com\/es\/?s={search_term_string}"},"query-input":{"@type":"PropertyValueSpecification","valueRequired":true,"valueName":"search_term_string"}}],"inLanguage":"es"},{"@type":"Organization","@id":"https:\/\/sviluppo.lvbitalia.com\/es\/#organization","name":"LvB Italia","url":"https:\/\/sviluppo.lvbitalia.com\/es\/","logo":{"@type":"ImageObject","inLanguage":"es","@id":"https:\/\/sviluppo.lvbitalia.com\/es\/#\/schema\/logo\/image\/","url":"https:\/\/sviluppo.lvbitalia.com\/wp-content\/uploads\/2022\/05\/logo-lvb-nero.png","contentUrl":"https:\/\/sviluppo.lvbitalia.com\/wp-content\/uploads\/2022\/05\/logo-lvb-nero.png","width":314,"height":160,"caption":"LvB Italia"},"image":{"@id":"https:\/\/sviluppo.lvbitalia.com\/es\/#\/schema\/logo\/image\/"}}]}},"_links":{"self":[{"href":"https:\/\/sviluppo.lvbitalia.com\/es\/wp-json\/wp\/v2\/pages\/4609"}],"collection":[{"href":"https:\/\/sviluppo.lvbitalia.com\/es\/wp-json\/wp\/v2\/pages"}],"about":[{"href":"https:\/\/sviluppo.lvbitalia.com\/es\/wp-json\/wp\/v2\/types\/page"}],"author":[{"embeddable":true,"href":"https:\/\/sviluppo.lvbitalia.com\/es\/wp-json\/wp\/v2\/users\/1"}],"replies":[{"embeddable":true,"href":"https:\/\/sviluppo.lvbitalia.com\/es\/wp-json\/wp\/v2\/comments?post=4609"}],"version-history":[{"count":5,"href":"https:\/\/sviluppo.lvbitalia.com\/es\/wp-json\/wp\/v2\/pages\/4609\/revisions"}],"predecessor-version":[{"id":12809,"href":"https:\/\/sviluppo.lvbitalia.com\/es\/wp-json\/wp\/v2\/pages\/4609\/revisions\/12809"}],"wp:attachment":[{"href":"https:\/\/sviluppo.lvbitalia.com\/es\/wp-json\/wp\/v2\/media?parent=4609"}],"curies":[{"name":"wp","href":"https:\/\/api.w.org\/{rel}","templated":true}]}}