{"id":4574,"date":"2020-10-23T15:51:11","date_gmt":"2020-10-23T15:51:11","guid":{"rendered":"https:\/\/www.lvbitalia.com\/benessere-acustico\/"},"modified":"2025-09-22T19:42:48","modified_gmt":"2025-09-22T17:42:48","slug":"bienestar-acustico","status":"publish","type":"page","link":"https:\/\/sviluppo.lvbitalia.com\/es\/bienestar-acustico\/","title":{"rendered":"Bienestar ac\u00fastico"},"content":{"rendered":"<div id='av_section_1'  class='avia-section av-1ehex-083cc026326db27b64898a4dac0ba97e main_color avia-section-default avia-no-border-styling  avia-builder-el-0  el_before_av_section  avia-builder-el-first  avia-bg-style-scroll container_wrap fullsize'  ><div class='container av-section-cont-open' ><main  role=\"main\" itemprop=\"mainContentOfPage\"  class='template-page content  av-content-full alpha units'><div class='post-entry post-entry-type-page post-entry-4574'><div class='entry-content-wrapper clearfix'>\n\n<style type=\"text\/css\" data-created_by=\"avia_inline_auto\" id=\"style-css-av-s3jt-5b117ca38d5d12449e598caed01b1241\">\n.flex_column.av-s3jt-5b117ca38d5d12449e598caed01b1241{\nborder-radius:0px 0px 0px 0px;\n-webkit-border-radius:0px 0px 0px 0px;\n-moz-border-radius:0px 0px 0px 0px;\n}\n<\/style>\n<div class='flex_column av-s3jt-5b117ca38d5d12449e598caed01b1241 av_one_full  avia-builder-el-1  avia-builder-el-no-sibling  first flex_column_div av-zero-column-padding '   ><section  class='av_textblock_section av-khc6ew06-c810327b7a9ebd73bcad9d280d1aa37d'  itemscope=\"itemscope\" itemtype=\"https:\/\/schema.org\/CreativeWork\" ><div class='avia_textblock'  itemprop=\"text\" ><p style=\"text-align: right;\"><div class=\"breadcrumbs\" ><span><span><a href=\"https:\/\/sviluppo.lvbitalia.com\/es\/\">Home<\/a><\/span><\/span><\/div><\/p>\n<\/div><\/section><\/div>\n\n<\/div><\/div><\/main><!-- close content main element --><\/div><\/div><div id='av_section_2'  class='avia-section av-4yjw5-cf70b6a4768d950bc322ddf291822d39 main_color avia-section-default avia-no-border-styling  avia-builder-el-3  el_after_av_section  el_before_av_section  avia-bg-style-scroll container_wrap fullsize'  ><div class='container av-section-cont-open' ><div class='template-page content  av-content-full alpha units'><div class='post-entry post-entry-type-page post-entry-4574'><div class='entry-content-wrapper clearfix'>\n<div class='flex_column_table av-4mwwt-936a6155570bb40351bee07c959ad788 sc-av_one_third av-break-at-tablet-flextable av-equal-height-column-flextable'>\n<style type=\"text\/css\" data-created_by=\"avia_inline_auto\" id=\"style-css-av-4mwwt-936a6155570bb40351bee07c959ad788\">\n#top .flex_column_table.av-equal-height-column-flextable.av-4mwwt-936a6155570bb40351bee07c959ad788{\nmargin-top:0px;\nmargin-bottom:50px;\n}\n.flex_column.av-4mwwt-936a6155570bb40351bee07c959ad788{\nborder-radius:0px 0px 0px 0px;\n-webkit-border-radius:0px 0px 0px 0px;\n-moz-border-radius:0px 0px 0px 0px;\n}\n<\/style>\n<div class='flex_column av-4mwwt-936a6155570bb40351bee07c959ad788 av_one_third  avia-builder-el-4  el_before_av_two_third  avia-builder-el-first  first av-break-at-tablet flex_column_table_cell av-equal-height-column av-align-top av-zero-column-padding '   ><section  class='av_textblock_section av-khb1n04q-70902a05fbe161b97cf9324209f77b9c'  itemscope=\"itemscope\" itemtype=\"https:\/\/schema.org\/CreativeWork\" ><div class='avia_textblock h-style'  itemprop=\"text\" ><h1>Bienestar ac\u00fastico<\/h1>\n<\/div><\/section><\/div><div class='av-flex-placeholder'><\/div>\n<style type=\"text\/css\" data-created_by=\"avia_inline_auto\" id=\"style-css-av-54qj-90be8e86580c8db7b03c38b4744d42a1\">\n#top .flex_column_table.av-equal-height-column-flextable.av-54qj-90be8e86580c8db7b03c38b4744d42a1{\nmargin-top:0px;\nmargin-bottom:50px;\n}\n.flex_column.av-54qj-90be8e86580c8db7b03c38b4744d42a1{\nborder-radius:0px 0px 0px 0px;\n-webkit-border-radius:0px 0px 0px 0px;\n-moz-border-radius:0px 0px 0px 0px;\n}\n<\/style>\n<div class='flex_column av-54qj-90be8e86580c8db7b03c38b4744d42a1 av_two_third  avia-builder-el-6  el_after_av_one_third  avia-builder-el-last  av-break-at-tablet flex_column_table_cell av-equal-height-column av-align-top av-zero-column-padding '   ><section  id=\"btn-toggle-hidden-text\"  class='av_textblock_section av-khdmh7ji-d1adadb13ad7b8a1379b9737049ee6ef'  itemscope=\"itemscope\" itemtype=\"https:\/\/schema.org\/CreativeWork\" ><div class='avia_textblock'  itemprop=\"text\" ><h2>Estar a gusto en un ambiente confortable<\/h2>\n<p><strong>La b\u00fasqueda del bienestar ac\u00fastico es fundamental.<\/strong> Tanto para la persona que debe vivir, trabajar, comer o simplemente relajarse en ese entorno, como para quien desarrolla su actividad en ese entorno.<\/p>\n<p><strong>El bienestar ac\u00fastico se mide por la reverberaci\u00f3n dentro de la habitaci\u00f3n. La reverberaci\u00f3n<\/strong> es el <strong>fen\u00f3meno f\u00edsico por el cual todos los ruidos producidos en el entorno permanecen audibles durante mucho tiempo<\/strong>, lo que dificulta la comprensi\u00f3n y molesta la permanencia en la habitaci\u00f3n.<br \/>\nEn la literatura existen estudios para comprender cu\u00e1les son los valores de reverberaci\u00f3n aceptables y deseables dentro de cada tipo de ambiente.<\/p>\n<\/div><\/section><br \/>\n<section  id=\"hidden-text-toggled\"  class='av_textblock_section av-khdmh7ji-136947167d3fbf9ff559e4a30d2e0867'  itemscope=\"itemscope\" itemtype=\"https:\/\/schema.org\/CreativeWork\" ><div class='avia_textblock'  itemprop=\"text\" ><h2>\u00bfPor qu\u00e9 deber\u00eda preocuparme por el bienestar ac\u00fastico?<\/h2>\n<p><strong>El bienestar ac\u00fastico se refleja en la productividad, la salud y por tanto tambi\u00e9n en tu trabajo, el de tu empresa o tu restaurante.<\/strong><\/p>\n<p>Un estudio franc\u00e9s indica que casi <strong>el 60% de los trabajadores identifica el ruido como una fuente importante de perturbaci\u00f3n<\/strong> y esto conlleva m\u00faltiples repercusiones, desde dolores de cabeza y falta de concentraci\u00f3n hasta ansiedad, irritabilidad e incluso problemas de audici\u00f3n.<\/p>\n<p>En cambio, otro an\u00e1lisis interesante nos dice que<strong> 9 de cada 10 personas consideran que el ruido de fondo es el peor problema en los restaurantes<\/strong> y que el 62% de los clientes no volver\u00e1 a un lugar ruidoso.<\/p>\n<p>Entre los otros efectos que se esperan, seg\u00fan un estudio americano de 2019, con el aumento de las distracciones ac\u00fasticas y por tanto el estr\u00e9s relacionado est\u00e1n el aumento de los niveles de eccema y las contracciones musculares.<\/p>\n<h2>\u00bfPero el bienestar ac\u00fastico es el mismo para todos?<\/h2>\n<p>Existen estudios sobre qu\u00e9 reverberaci\u00f3n es la m\u00e1s adecuada para cada tipo de estancia, pero tambi\u00e9n es cierto que en muchos casos <strong>el confort ac\u00fastico es subjetivo.<\/strong> Para esto, LvB Italia puede <strong>ayudarlo a encontrar el equilibrio adecuado de productos para que su espacio sea c\u00f3modo.<\/strong> <strong>Los paneles y todos nuestros productos ac\u00fasticos se implementan f\u00e1cilmente para que podamos sugerir soluciones escalables<\/strong> para poder satisfacerlo mejor.<\/p>\n<p>Adem\u00e1s, partiendo del <strong>tipo de habitaci\u00f3n<\/strong> (restaurante, oficina, espacio abierto, sala de reuniones, etc.) con los metros cuadrados relativos y de los materiales estructurales presentes en el piso, techo, paredes y la presencia o ausencia de ventanas, se pudimos desarrollar una <strong>soluci\u00f3n a medida<\/strong> que con la instalaci\u00f3n de nuestros <strong>paneles ac\u00fasticos soluciona de una vez por todas el problema de la reverberaci\u00f3n.<\/strong><\/p>\n<p><strong>\u00bfQuieres solicitar una evaluaci\u00f3n ac\u00fastica personalizada de un entorno?<\/strong> \u00a1Cont\u00e1ctanos para una consulta gratuita!<\/p>\n<\/div><\/section><br \/>\n<div  id=\"btn-toggle-hidden-text\"  class='avia-button-wrap avia-button-right  avia-builder-el-9  el_after_av_textblock  avia-builder-el-last ' ><a href=''  class='avia-button av-khq6j79q-67b2fcfa559b51a5adc6ac0595a2f9c6 avia-icon_select-no avia-size-small avia-position-right avia-color-theme-color' ><span class='avia_iconbox_title' > Leer m\u00e1s<\/span><\/a><\/div><\/p><\/div><\/div><!--close column table wrapper. Autoclose: 1 -->\n\n<\/div><\/div><\/div><!-- close content main div --><\/div><\/div><div id='section-ambienti'  class='avia-section av-3hazt-75eeaab5d63e5582005e8873f70fe12b main_color avia-section-default avia-no-border-styling  avia-builder-el-10  el_after_av_section  avia-builder-el-last  avia-bg-style-scroll container_wrap fullsize'  ><div class='container av-section-cont-open' ><div class='template-page content  av-content-full alpha units'><div class='post-entry post-entry-type-page post-entry-4574'><div class='entry-content-wrapper clearfix'>\n<div  class='avia-buttonrow-wrap av-mfccf6p6-fc78785ada60db67d46b5b20b41aeeca avia-buttonrow-center  avia-builder-el-11  avia-builder-el-no-sibling  btn-home'>\n\n<style type=\"text\/css\" data-created_by=\"avia_inline_auto\" id=\"style-css-av-mfccdzz0-e3f85d06c13428b7919a167625a81723\">\n#top #wrap_all .avia-button.av-mfccdzz0-e3f85d06c13428b7919a167625a81723{\nmargin-bottom:30px;\nmargin-right:15px;\nmargin-left:15px;\n}\n<\/style>\n<a href='https:\/\/sviluppo.lvbitalia.com\/es\/bienestar-acustico\/confort-acustico\/'  class='avia-button av-mfccdzz0-e3f85d06c13428b7919a167625a81723 avia-icon_select-no avia-size-large avia-color-theme-color'  ><span class='avia_iconbox_title' >Confort ac\u00fastico<\/span><\/a>\n\n<style type=\"text\/css\" data-created_by=\"avia_inline_auto\" id=\"style-css-av-mfccdzz0-839130ab47607ef657673f11eefc2525\">\n#top #wrap_all .avia-button.av-mfccdzz0-839130ab47607ef657673f11eefc2525{\nmargin-bottom:30px;\nmargin-right:15px;\nmargin-left:15px;\n}\n<\/style>\n<a href='https:\/\/sviluppo.lvbitalia.com\/es\/bienestar-acustico\/reverberacion\/'  class='avia-button av-mfccdzz0-839130ab47607ef657673f11eefc2525 avia-icon_select-no avia-size-large avia-color-theme-color'  ><span class='avia_iconbox_title' >Reverberaci\u00f3n<\/span><\/a>\n\n<style type=\"text\/css\" data-created_by=\"avia_inline_auto\" id=\"style-css-av-mfccdzz0-37d964277e15ddebc38fa2983a7be439\">\n#top #wrap_all .avia-button.av-mfccdzz0-37d964277e15ddebc38fa2983a7be439{\nmargin-bottom:30px;\nmargin-right:15px;\nmargin-left:15px;\n}\n<\/style>\n<a href='https:\/\/sviluppo.lvbitalia.com\/es\/bienestar-acustico\/evaluacion-acustica\/'  class='avia-button av-mfccdzz0-37d964277e15ddebc38fa2983a7be439 avia-icon_select-no avia-size-large avia-color-theme-color'  ><span class='avia_iconbox_title' >Evaluaci\u00f3n ac\u00fastica<\/span><\/a>\n\n<style type=\"text\/css\" data-created_by=\"avia_inline_auto\" id=\"style-css-av-mfccdzz0-4e2dfb7e3927a52578320791d9ff7b0a\">\n#top #wrap_all .avia-button.av-mfccdzz0-4e2dfb7e3927a52578320791d9ff7b0a{\nmargin-bottom:30px;\nmargin-right:15px;\nmargin-left:15px;\n}\n<\/style>\n<a href='https:\/\/sviluppo.lvbitalia.com\/es\/bienestar-acustico\/calculo-acustico\/'  class='avia-button av-mfccdzz0-4e2dfb7e3927a52578320791d9ff7b0a avia-icon_select-no avia-size-large avia-color-theme-color'  ><span class='avia_iconbox_title' >C\u00e1lculo ac\u00fastico<\/span><\/a>\n\n<style type=\"text\/css\" data-created_by=\"avia_inline_auto\" id=\"style-css-av-mfccdzz0-1aa8dafffa30323b3782097d84d1ebb9\">\n#top #wrap_all .avia-button.av-mfccdzz0-1aa8dafffa30323b3782097d84d1ebb9{\nmargin-bottom:30px;\nmargin-right:15px;\nmargin-left:15px;\n}\n<\/style>\n<a href='https:\/\/sviluppo.lvbitalia.com\/es\/bienestar-acustico\/coeficientes-de-absorcion-acustica\/'  class='avia-button av-mfccdzz0-1aa8dafffa30323b3782097d84d1ebb9 avia-icon_select-no avia-size-large avia-color-theme-color'  ><span class='avia_iconbox_title' >Coeficientes de absorci\u00f3n de sonido<\/span><\/a>\n<\/div>\n\n","protected":false},"excerpt":{"rendered":"","protected":false},"author":1,"featured_media":0,"parent":0,"menu_order":0,"comment_status":"closed","ping_status":"closed","template":"","meta":{"_acf_changed":false,"footnotes":""},"class_list":["post-4574","page","type-page","status-publish","hentry"],"acf":[],"yoast_head":"<!-- This site is optimized with the Yoast SEO plugin v23.4 - https:\/\/yoast.com\/wordpress\/plugins\/seo\/ -->\n<title>Bienestar ac\u00fastico | LvB Italia<\/title>\n<meta name=\"description\" content=\"Bienestar ac\u00fastico \u27a4 Descubre c\u00f3mo reducir la reverberaci\u00f3n y mejorar el confort en oficinas, restaurantes y espacios de trabajo \u2713Cont\u00e1ctanos para una asesor\u00eda gratuita.\" \/>\n<meta name=\"robots\" content=\"noindex, follow, max-snippet:-1, max-image-preview:large, max-video-preview:-1\" \/>\n<meta property=\"og:locale\" content=\"es_ES\" \/>\n<meta property=\"og:type\" content=\"article\" \/>\n<meta property=\"og:title\" content=\"Bienestar ac\u00fastico | LvB Italia\" \/>\n<meta property=\"og:description\" content=\"Bienestar ac\u00fastico \u27a4 Descubre c\u00f3mo reducir la reverberaci\u00f3n y mejorar el confort en oficinas, restaurantes y espacios de trabajo \u2713Cont\u00e1ctanos para una asesor\u00eda gratuita.\" \/>\n<meta property=\"og:url\" content=\"https:\/\/sviluppo.lvbitalia.com\/es\/bienestar-acustico\/\" \/>\n<meta property=\"og:site_name\" content=\"Pannelli fonoassorbenti design\" \/>\n<meta property=\"article:modified_time\" content=\"2025-09-22T17:42:48+00:00\" \/>\n<meta name=\"twitter:card\" content=\"summary_large_image\" \/>\n<meta name=\"twitter:label1\" content=\"Tiempo de lectura\" \/>\n\t<meta name=\"twitter:data1\" content=\"6 minutos\" \/>\n<script type=\"application\/ld+json\" class=\"yoast-schema-graph\">{\"@context\":\"https:\/\/schema.org\",\"@graph\":[{\"@type\":\"WebPage\",\"@id\":\"https:\/\/sviluppo.lvbitalia.com\/es\/bienestar-acustico\/\",\"url\":\"https:\/\/sviluppo.lvbitalia.com\/es\/bienestar-acustico\/\",\"name\":\"Bienestar ac\u00fastico | LvB Italia\",\"isPartOf\":{\"@id\":\"https:\/\/sviluppo.lvbitalia.com\/es\/#website\"},\"datePublished\":\"2020-10-23T15:51:11+00:00\",\"dateModified\":\"2025-09-22T17:42:48+00:00\",\"description\":\"Bienestar ac\u00fastico \u27a4 Descubre c\u00f3mo reducir la reverberaci\u00f3n y mejorar el confort en oficinas, restaurantes y espacios de trabajo \u2713Cont\u00e1ctanos para una asesor\u00eda gratuita.\",\"breadcrumb\":{\"@id\":\"https:\/\/sviluppo.lvbitalia.com\/es\/bienestar-acustico\/#breadcrumb\"},\"inLanguage\":\"es\",\"potentialAction\":[{\"@type\":\"ReadAction\",\"target\":[\"https:\/\/sviluppo.lvbitalia.com\/es\/bienestar-acustico\/\"]}]},{\"@type\":\"BreadcrumbList\",\"@id\":\"https:\/\/sviluppo.lvbitalia.com\/es\/bienestar-acustico\/#breadcrumb\",\"itemListElement\":[{\"@type\":\"ListItem\",\"position\":1,\"name\":\"Home\",\"item\":\"https:\/\/sviluppo.lvbitalia.com\/es\/\"},{\"@type\":\"ListItem\",\"position\":2,\"name\":\"Bienestar ac\u00fastico\"}]},{\"@type\":\"WebSite\",\"@id\":\"https:\/\/sviluppo.lvbitalia.com\/es\/#website\",\"url\":\"https:\/\/sviluppo.lvbitalia.com\/es\/\",\"name\":\"Pannelli fonoassorbenti design\",\"description\":\"PHONODESIGN Made in Italy\",\"publisher\":{\"@id\":\"https:\/\/sviluppo.lvbitalia.com\/es\/#organization\"},\"potentialAction\":[{\"@type\":\"SearchAction\",\"target\":{\"@type\":\"EntryPoint\",\"urlTemplate\":\"https:\/\/sviluppo.lvbitalia.com\/es\/?s={search_term_string}\"},\"query-input\":{\"@type\":\"PropertyValueSpecification\",\"valueRequired\":true,\"valueName\":\"search_term_string\"}}],\"inLanguage\":\"es\"},{\"@type\":\"Organization\",\"@id\":\"https:\/\/sviluppo.lvbitalia.com\/es\/#organization\",\"name\":\"LvB Italia\",\"url\":\"https:\/\/sviluppo.lvbitalia.com\/es\/\",\"logo\":{\"@type\":\"ImageObject\",\"inLanguage\":\"es\",\"@id\":\"https:\/\/sviluppo.lvbitalia.com\/es\/#\/schema\/logo\/image\/\",\"url\":\"https:\/\/sviluppo.lvbitalia.com\/wp-content\/uploads\/2022\/05\/logo-lvb-nero.png\",\"contentUrl\":\"https:\/\/sviluppo.lvbitalia.com\/wp-content\/uploads\/2022\/05\/logo-lvb-nero.png\",\"width\":314,\"height\":160,\"caption\":\"LvB Italia\"},\"image\":{\"@id\":\"https:\/\/sviluppo.lvbitalia.com\/es\/#\/schema\/logo\/image\/\"}}]}<\/script>\n<!-- \/ Yoast SEO plugin. -->","yoast_head_json":{"title":"Bienestar ac\u00fastico | LvB Italia","description":"Bienestar ac\u00fastico \u27a4 Descubre c\u00f3mo reducir la reverberaci\u00f3n y mejorar el confort en oficinas, restaurantes y espacios de trabajo \u2713Cont\u00e1ctanos para una asesor\u00eda gratuita.","robots":{"index":"noindex","follow":"follow","max-snippet":"max-snippet:-1","max-image-preview":"max-image-preview:large","max-video-preview":"max-video-preview:-1"},"og_locale":"es_ES","og_type":"article","og_title":"Bienestar ac\u00fastico | LvB Italia","og_description":"Bienestar ac\u00fastico \u27a4 Descubre c\u00f3mo reducir la reverberaci\u00f3n y mejorar el confort en oficinas, restaurantes y espacios de trabajo \u2713Cont\u00e1ctanos para una asesor\u00eda gratuita.","og_url":"https:\/\/sviluppo.lvbitalia.com\/es\/bienestar-acustico\/","og_site_name":"Pannelli fonoassorbenti design","article_modified_time":"2025-09-22T17:42:48+00:00","twitter_card":"summary_large_image","twitter_misc":{"Tiempo de lectura":"6 minutos"},"schema":{"@context":"https:\/\/schema.org","@graph":[{"@type":"WebPage","@id":"https:\/\/sviluppo.lvbitalia.com\/es\/bienestar-acustico\/","url":"https:\/\/sviluppo.lvbitalia.com\/es\/bienestar-acustico\/","name":"Bienestar ac\u00fastico | LvB Italia","isPartOf":{"@id":"https:\/\/sviluppo.lvbitalia.com\/es\/#website"},"datePublished":"2020-10-23T15:51:11+00:00","dateModified":"2025-09-22T17:42:48+00:00","description":"Bienestar ac\u00fastico \u27a4 Descubre c\u00f3mo reducir la reverberaci\u00f3n y mejorar el confort en oficinas, restaurantes y espacios de trabajo \u2713Cont\u00e1ctanos para una asesor\u00eda gratuita.","breadcrumb":{"@id":"https:\/\/sviluppo.lvbitalia.com\/es\/bienestar-acustico\/#breadcrumb"},"inLanguage":"es","potentialAction":[{"@type":"ReadAction","target":["https:\/\/sviluppo.lvbitalia.com\/es\/bienestar-acustico\/"]}]},{"@type":"BreadcrumbList","@id":"https:\/\/sviluppo.lvbitalia.com\/es\/bienestar-acustico\/#breadcrumb","itemListElement":[{"@type":"ListItem","position":1,"name":"Home","item":"https:\/\/sviluppo.lvbitalia.com\/es\/"},{"@type":"ListItem","position":2,"name":"Bienestar ac\u00fastico"}]},{"@type":"WebSite","@id":"https:\/\/sviluppo.lvbitalia.com\/es\/#website","url":"https:\/\/sviluppo.lvbitalia.com\/es\/","name":"Pannelli fonoassorbenti design","description":"PHONODESIGN Made in Italy","publisher":{"@id":"https:\/\/sviluppo.lvbitalia.com\/es\/#organization"},"potentialAction":[{"@type":"SearchAction","target":{"@type":"EntryPoint","urlTemplate":"https:\/\/sviluppo.lvbitalia.com\/es\/?s={search_term_string}"},"query-input":{"@type":"PropertyValueSpecification","valueRequired":true,"valueName":"search_term_string"}}],"inLanguage":"es"},{"@type":"Organization","@id":"https:\/\/sviluppo.lvbitalia.com\/es\/#organization","name":"LvB Italia","url":"https:\/\/sviluppo.lvbitalia.com\/es\/","logo":{"@type":"ImageObject","inLanguage":"es","@id":"https:\/\/sviluppo.lvbitalia.com\/es\/#\/schema\/logo\/image\/","url":"https:\/\/sviluppo.lvbitalia.com\/wp-content\/uploads\/2022\/05\/logo-lvb-nero.png","contentUrl":"https:\/\/sviluppo.lvbitalia.com\/wp-content\/uploads\/2022\/05\/logo-lvb-nero.png","width":314,"height":160,"caption":"LvB Italia"},"image":{"@id":"https:\/\/sviluppo.lvbitalia.com\/es\/#\/schema\/logo\/image\/"}}]}},"_links":{"self":[{"href":"https:\/\/sviluppo.lvbitalia.com\/es\/wp-json\/wp\/v2\/pages\/4574"}],"collection":[{"href":"https:\/\/sviluppo.lvbitalia.com\/es\/wp-json\/wp\/v2\/pages"}],"about":[{"href":"https:\/\/sviluppo.lvbitalia.com\/es\/wp-json\/wp\/v2\/types\/page"}],"author":[{"embeddable":true,"href":"https:\/\/sviluppo.lvbitalia.com\/es\/wp-json\/wp\/v2\/users\/1"}],"replies":[{"embeddable":true,"href":"https:\/\/sviluppo.lvbitalia.com\/es\/wp-json\/wp\/v2\/comments?post=4574"}],"version-history":[{"count":5,"href":"https:\/\/sviluppo.lvbitalia.com\/es\/wp-json\/wp\/v2\/pages\/4574\/revisions"}],"predecessor-version":[{"id":12509,"href":"https:\/\/sviluppo.lvbitalia.com\/es\/wp-json\/wp\/v2\/pages\/4574\/revisions\/12509"}],"wp:attachment":[{"href":"https:\/\/sviluppo.lvbitalia.com\/es\/wp-json\/wp\/v2\/media?parent=4574"}],"curies":[{"name":"wp","href":"https:\/\/api.w.org\/{rel}","templated":true}]}}