{"id":4543,"date":"2020-10-23T15:46:20","date_gmt":"2020-10-23T15:46:20","guid":{"rendered":"https:\/\/www.lvbitalia.com\/ambienti\/"},"modified":"2025-09-24T09:15:40","modified_gmt":"2025-09-24T07:15:40","slug":"ambientes","status":"publish","type":"page","link":"https:\/\/sviluppo.lvbitalia.com\/es\/ambientes\/","title":{"rendered":"Ambientes"},"content":{"rendered":"<div id='av_section_1'  class='avia-section av-1dnm5-54f9daea92d619b0963202923a120087 main_color avia-section-default avia-no-border-styling  avia-builder-el-0  el_before_av_section  avia-builder-el-first  avia-bg-style-scroll container_wrap fullsize'  ><div class='container av-section-cont-open' ><main  role=\"main\" itemprop=\"mainContentOfPage\"  class='template-page content  av-content-full alpha units'><div class='post-entry post-entry-type-page post-entry-4543'><div class='entry-content-wrapper clearfix'>\n\n<style type=\"text\/css\" data-created_by=\"avia_inline_auto\" id=\"style-css-av-x50l-a8f5bbfee64f5c174e62c4ba3e5f7f82\">\n.flex_column.av-x50l-a8f5bbfee64f5c174e62c4ba3e5f7f82{\nborder-radius:0px 0px 0px 0px;\n-webkit-border-radius:0px 0px 0px 0px;\n-moz-border-radius:0px 0px 0px 0px;\n}\n<\/style>\n<div class='flex_column av-x50l-a8f5bbfee64f5c174e62c4ba3e5f7f82 av_one_full  avia-builder-el-1  avia-builder-el-no-sibling  first flex_column_div av-zero-column-padding '   ><section  class='av_textblock_section av-khc6ew06-c810327b7a9ebd73bcad9d280d1aa37d'  itemscope=\"itemscope\" itemtype=\"https:\/\/schema.org\/CreativeWork\" ><div class='avia_textblock'  itemprop=\"text\" ><p style=\"text-align: right;\"><div class=\"breadcrumbs\" ><span><span><a href=\"https:\/\/sviluppo.lvbitalia.com\/es\/\">Home<\/a><\/span><\/span><\/div><\/p>\n<\/div><\/section><\/div>\n\n<\/div><\/div><\/main><!-- close content main element --><\/div><\/div><div id='av_section_2'  class='avia-section av-4yjw5-cf70b6a4768d950bc322ddf291822d39 main_color avia-section-default avia-no-border-styling  avia-builder-el-3  el_after_av_section  el_before_av_section  avia-bg-style-scroll container_wrap fullsize'  ><div class='container av-section-cont-open' ><div class='template-page content  av-content-full alpha units'><div class='post-entry post-entry-type-page post-entry-4543'><div class='entry-content-wrapper clearfix'>\n<div class='flex_column_table av-4mwwt-936a6155570bb40351bee07c959ad788 sc-av_one_third av-break-at-tablet-flextable av-equal-height-column-flextable'>\n<style type=\"text\/css\" data-created_by=\"avia_inline_auto\" id=\"style-css-av-4mwwt-936a6155570bb40351bee07c959ad788\">\n#top .flex_column_table.av-equal-height-column-flextable.av-4mwwt-936a6155570bb40351bee07c959ad788{\nmargin-top:0px;\nmargin-bottom:50px;\n}\n.flex_column.av-4mwwt-936a6155570bb40351bee07c959ad788{\nborder-radius:0px 0px 0px 0px;\n-webkit-border-radius:0px 0px 0px 0px;\n-moz-border-radius:0px 0px 0px 0px;\n}\n<\/style>\n<div class='flex_column av-4mwwt-936a6155570bb40351bee07c959ad788 av_one_third  avia-builder-el-4  el_before_av_two_third  avia-builder-el-first  first av-break-at-tablet flex_column_table_cell av-equal-height-column av-align-top av-zero-column-padding '   ><section  class='av_textblock_section av-khb1n04q-70902a05fbe161b97cf9324209f77b9c'  itemscope=\"itemscope\" itemtype=\"https:\/\/schema.org\/CreativeWork\" ><div class='avia_textblock h-style'  itemprop=\"text\" ><h1>Ambientes<\/h1>\n<h2>Una propuesta adecuada para cada entorno<\/h2>\n<\/div><\/section><\/div><div class='av-flex-placeholder'><\/div>\n<style type=\"text\/css\" data-created_by=\"avia_inline_auto\" id=\"style-css-av-54qj-90be8e86580c8db7b03c38b4744d42a1\">\n#top .flex_column_table.av-equal-height-column-flextable.av-54qj-90be8e86580c8db7b03c38b4744d42a1{\nmargin-top:0px;\nmargin-bottom:50px;\n}\n.flex_column.av-54qj-90be8e86580c8db7b03c38b4744d42a1{\nborder-radius:0px 0px 0px 0px;\n-webkit-border-radius:0px 0px 0px 0px;\n-moz-border-radius:0px 0px 0px 0px;\n}\n<\/style>\n<div class='flex_column av-54qj-90be8e86580c8db7b03c38b4744d42a1 av_two_third  avia-builder-el-6  el_after_av_one_third  avia-builder-el-last  av-break-at-tablet flex_column_table_cell av-equal-height-column av-align-top av-zero-column-padding '   ><p><section  id=\"btn-toggle-hidden-text\"  class='av_textblock_section av-khdmh7ji-d1adadb13ad7b8a1379b9737049ee6ef'  itemscope=\"itemscope\" itemtype=\"https:\/\/schema.org\/CreativeWork\" ><div class='avia_textblock'  itemprop=\"text\" ><p>Ya sean restaurantes o pizzer\u00edas, oficinas individuales o espacios abiertos, hoteles, albergues o bed and breakfast, <strong>cada ambiente necesita su propio tratamiento ac\u00fastico a medida.<\/strong><\/p>\n<p>Tanto desde el punto de vista t\u00e9cnico como est\u00e9tico.<\/p>\n<\/div><\/section><br \/>\n<section  id=\"hidden-text-toggled\"  class='av_textblock_section av-khdmh7ji-3af5a8f0e322d68ef5936f497ab5ccd8'  itemscope=\"itemscope\" itemtype=\"https:\/\/schema.org\/CreativeWork\" ><div class='avia_textblock'  itemprop=\"text\" ><p>En cuanto al c\u00e1lculo ac\u00fastico partiendo del<strong> tipo de estancia<\/strong> (restaurante, despacho, espacio abierto, sala de reuniones, etc.) con los metros cuadrados relativos y de los materiales estructurales presentes en el suelo, techo, paredes y la presencia o ausencia de Windows, podemos desarrollar una <strong>soluci\u00f3n a medida<\/strong> que con la instalaci\u00f3n de nuestros <strong>paneles ac\u00fasticos<\/strong> resuelve el problema de la reverberaci\u00f3n de una vez por todas.<\/p>\n<p>Por el tema del dise\u00f1o est\u00e9tico, tenga en cuenta que todos nuestros productos son personalizables en forma y tama\u00f1o y est\u00e1n disponibles en m\u00e1s de 100 colores adem\u00e1s de tener la posibilidad de tela del cliente o impresi\u00f3n personalizada.<\/p>\n<p>Las opciones pueden entonces darle un n\u00famero infinito de matices a su proyecto: colores, luces y m\u00fasica.<\/p>\n<p><strong>\u00bfQuieres solicitar una evaluaci\u00f3n ac\u00fastica personalizada de un entorno?<\/strong> \u00a1Cont\u00e1ctanos para una consulta gratuita!<\/p>\n<\/div><\/section><br \/>\n<div  id=\"btn-toggle-hidden-text\"  class='avia-button-wrap avia-button-right  avia-builder-el-9  el_after_av_textblock  el_before_av_button ' ><a href=''  class='avia-button av-khq6j79q-cb65e09ba214eef3a12096735b8359e8 avia-icon_select-no avia-size-small avia-position-right avia-color-theme-color' ><span class='avia_iconbox_title' >Leer m\u00e1s<\/span><\/a><\/div><br \/>\n<div  class='avia-button-wrap avia-button-left  avia-builder-el-10  el_after_av_button  avia-builder-el-last  btn-home' >\n<style type=\"text\/css\" data-created_by=\"avia_inline_auto\" id=\"style-css-av-khd9ov1i-ea71d6001db2f6bf33cd0f76cb2b4505\">\n#top #wrap_all .avia-button.av-khd9ov1i-ea71d6001db2f6bf33cd0f76cb2b4505{\nbackground-color:#cf181f;\nborder-color:#cf181f;\ntransition:all 0.4s ease-in-out;\n-webkit-transition:all 0.4s ease-in-out;\n-moz-transition:all 0.4s ease-in-out;\n-ms-transition:all 0.4s ease-in-out;\n-o-transition:all 0.4s ease-in-out;\n}\n#top #wrap_all .avia-button.av-khd9ov1i-ea71d6001db2f6bf33cd0f76cb2b4505:hover{\nbackground-color:#a51318;\ncolor:white;\ntransition:all 0.4s ease-in-out;\n-webkit-transition:all 0.4s ease-in-out;\n-moz-transition:all 0.4s ease-in-out;\n-ms-transition:all 0.4s ease-in-out;\n-o-transition:all 0.4s ease-in-out;\n}\n<\/style>\n<a href='https:\/\/sviluppo.lvbitalia.com\/es\/contactos\/'  class='avia-button av-khd9ov1i-ea71d6001db2f6bf33cd0f76cb2b4505 avia-icon_select-yes-right-icon avia-size-large avia-position-left avia-font-color-theme-color' ><span class='avia_iconbox_title' >\u00bfNecesitas un consejo?<\/span><span class='avia_button_icon avia_button_icon_right' aria-hidden='true' data-av_icon='\ue879' data-av_iconfont='entypo-fontello'><\/span><\/a><\/div><\/p><\/div><\/div><!--close column table wrapper. Autoclose: 1 --><\/div><\/div><\/div><!-- close content main div --><\/div><\/div><div id='section-ambienti'  class='avia-section av-3hazt-75eeaab5d63e5582005e8873f70fe12b main_color avia-section-default avia-no-border-styling  avia-builder-el-11  el_after_av_section  avia-builder-el-last  avia-bg-style-scroll container_wrap fullsize'  ><div class='container av-section-cont-open' ><div class='template-page content  av-content-full alpha units'><div class='post-entry post-entry-type-page post-entry-4543'><div class='entry-content-wrapper clearfix'>\n<div class='flex_column av-av_two_fifth-a93934ecd89fbb8a9566d39e89cd3725 av_two_fifth  avia-builder-el-12  el_before_av_one_fifth  avia-builder-el-first  first flex_column_div '   ><p><div  class='avia-image-container  av-styling-no-styling  noHover  av-overlay-hover-deactivate   avia-builder-el-13  el_before_av_textblock  avia-builder-el-first  hover-effect avia-align-left'  itemprop=\"image\" itemscope=\"itemscope\" itemtype=\"https:\/\/schema.org\/ImageObject\"  ><div class='avia-image-container-inner'><div class='avia-image-overlay-wrap'><a href='https:\/\/sviluppo.lvbitalia.com\/es\/ambientes\/oficina\/' class='avia_image'  ><div class='av-image-caption-overlay'><div class='av-caption-image-overlay-bg' style='opacity:0.4; background-color:#000000; '><\/div><div class='av-image-caption-overlay-position'><div class='av-image-caption-overlay-center' style='color:#ffffff; '><\/div><\/div><\/div><div class='image-description-wrap'><\/div><img decoding=\"async\" width=\"2560\" height=\"1703\" class='wp-image-11247 avia-img-lazy-loading-not-11247 avia_image' src=\"https:\/\/sviluppo.lvbitalia.com\/wp-content\/uploads\/2025\/08\/Uffici-scaled.jpg\" alt='' title='Uffici'  itemprop=\"thumbnailUrl\" srcset=\"https:\/\/sviluppo.lvbitalia.com\/wp-content\/uploads\/2025\/08\/Uffici-scaled.jpg 2560w, https:\/\/sviluppo.lvbitalia.com\/wp-content\/uploads\/2025\/08\/Uffici-300x200.jpg 300w, https:\/\/sviluppo.lvbitalia.com\/wp-content\/uploads\/2025\/08\/Uffici-1030x685.jpg 1030w, https:\/\/sviluppo.lvbitalia.com\/wp-content\/uploads\/2025\/08\/Uffici-768x511.jpg 768w, https:\/\/sviluppo.lvbitalia.com\/wp-content\/uploads\/2025\/08\/Uffici-1536x1022.jpg 1536w, https:\/\/sviluppo.lvbitalia.com\/wp-content\/uploads\/2025\/08\/Uffici-2048x1363.jpg 2048w, https:\/\/sviluppo.lvbitalia.com\/wp-content\/uploads\/2025\/08\/Uffici-1500x998.jpg 1500w, https:\/\/sviluppo.lvbitalia.com\/wp-content\/uploads\/2025\/08\/Uffici-705x469.jpg 705w\" sizes=\"(max-width: 2560px) 100vw, 2560px\" \/><\/a><\/div><\/div><\/div><br \/>\n<section  class='av_textblock_section av-khbsf0af-6fe3602cb51b6f3b732d0ea6f90e4527'  itemscope=\"itemscope\" itemtype=\"https:\/\/schema.org\/CreativeWork\" ><div class='avia_textblock'  itemprop=\"text\" ><h2>Oficinas<\/h2>\n\n<style type=\"text\/css\" data-created_by=\"avia_inline_auto\" id=\"style-css-av-apgd-d0e97b305a0a90fabc84e9b37ed9e1b0\">\n.av_font_icon.av-apgd-d0e97b305a0a90fabc84e9b37ed9e1b0 .av-icon-char{\nfont-size:40px;\nline-height:40px;\n}\n<\/style>\n<span  class='av_font_icon av-apgd-d0e97b305a0a90fabc84e9b37ed9e1b0 avia_animate_when_visible av-icon-style- avia-icon-pos-left av-no-color avia-icon-animate'><span class='av-icon-char' aria-hidden='true' data-av_icon='\ue879' data-av_iconfont='entypo-fontello' ><\/span><\/span>\n<\/div><\/section><br \/>\n<div  class='avia-image-container  av-styling-no-styling  noHover  av-overlay-hover-deactivate   avia-builder-el-16  el_after_av_textblock  el_before_av_textblock  hover-effect avia-align-left'  itemprop=\"image\" itemscope=\"itemscope\" itemtype=\"https:\/\/schema.org\/ImageObject\"  ><div class='avia-image-container-inner'><div class='avia-image-overlay-wrap'><a href='https:\/\/sviluppo.lvbitalia.com\/es\/ambientes\/lugares-publicos\/' class='avia_image'  ><div class='av-image-caption-overlay'><div class='av-caption-image-overlay-bg' style='opacity:0.4; background-color:#000000; '><\/div><div class='av-image-caption-overlay-position'><div class='av-image-caption-overlay-center' style='color:#ffffff; '><\/div><\/div><\/div><div class='image-description-wrap'><\/div><img decoding=\"async\" width=\"2560\" height=\"1703\" class='wp-image-11243 avia-img-lazy-loading-not-11243 avia_image' src=\"https:\/\/sviluppo.lvbitalia.com\/wp-content\/uploads\/2025\/08\/locali-pubblici-scaled.jpg\" alt='' title='locali pubblici'  itemprop=\"thumbnailUrl\" srcset=\"https:\/\/sviluppo.lvbitalia.com\/wp-content\/uploads\/2025\/08\/locali-pubblici-scaled.jpg 2560w, https:\/\/sviluppo.lvbitalia.com\/wp-content\/uploads\/2025\/08\/locali-pubblici-300x200.jpg 300w, https:\/\/sviluppo.lvbitalia.com\/wp-content\/uploads\/2025\/08\/locali-pubblici-1030x685.jpg 1030w, https:\/\/sviluppo.lvbitalia.com\/wp-content\/uploads\/2025\/08\/locali-pubblici-768x511.jpg 768w, https:\/\/sviluppo.lvbitalia.com\/wp-content\/uploads\/2025\/08\/locali-pubblici-1536x1022.jpg 1536w, https:\/\/sviluppo.lvbitalia.com\/wp-content\/uploads\/2025\/08\/locali-pubblici-2048x1363.jpg 2048w, https:\/\/sviluppo.lvbitalia.com\/wp-content\/uploads\/2025\/08\/locali-pubblici-1500x998.jpg 1500w, https:\/\/sviluppo.lvbitalia.com\/wp-content\/uploads\/2025\/08\/locali-pubblici-705x469.jpg 705w\" sizes=\"(max-width: 2560px) 100vw, 2560px\" \/><\/a><\/div><\/div><\/div><br \/>\n<section  class='av_textblock_section av-khbsf0af-6fe3602cb51b6f3b732d0ea6f90e4527'  itemscope=\"itemscope\" itemtype=\"https:\/\/schema.org\/CreativeWork\" ><div class='avia_textblock'  itemprop=\"text\" ><h2>Lugares p\u00fablicos<\/h2>\n\n<style type=\"text\/css\" data-created_by=\"avia_inline_auto\" id=\"style-css-av-3vmd-df52034582124933e3c072a887a98db3\">\n.av_font_icon.av-3vmd-df52034582124933e3c072a887a98db3 .av-icon-char{\nfont-size:40px;\nline-height:40px;\n}\n<\/style>\n<span  class='av_font_icon av-3vmd-df52034582124933e3c072a887a98db3 avia_animate_when_visible av-icon-style- avia-icon-pos-left av-no-color avia-icon-animate'><span class='av-icon-char' aria-hidden='true' data-av_icon='\ue879' data-av_iconfont='entypo-fontello' ><\/span><\/span>\n<\/div><\/section><\/p><\/div><div class='flex_column av-mf51cnvt-11f0e8e5f6c5b1f2a0644967b3f29b15 av_one_fifth  avia-builder-el-19  el_after_av_two_fifth  el_before_av_two_fifth  resizable-layout-element flex_column_div '   ><p><div  class='avia-image-container  av-styling-no-styling  noHover  av-overlay-hover-deactivate   avia-builder-el-20  el_before_av_textblock  avia-builder-el-first  hover-effect avia-align-left'  itemprop=\"image\" itemscope=\"itemscope\" itemtype=\"https:\/\/schema.org\/ImageObject\"  ><div class='avia-image-container-inner'><div class='avia-image-overlay-wrap'><a href='https:\/\/sviluppo.lvbitalia.com\/es\/ambientes\/restaurantes-y-pizzerias\/' class='avia_image'  ><div class='av-image-caption-overlay'><div class='av-caption-image-overlay-bg' style='opacity:0.4; background-color:#000000; '><\/div><div class='av-image-caption-overlay-position'><div class='av-image-caption-overlay-center' style='color:#ffffff; '><\/div><\/div><\/div><div class='image-description-wrap'><\/div><img decoding=\"async\" class='wp-image-11251 avia-img-lazy-loading-not-11251 avia_image' src=\"https:\/\/sviluppo.lvbitalia.com\/wp-content\/uploads\/2025\/08\/ristoranti-e-pizzerie-scaled-e1756135350866.jpg\" alt='' title='ristoranti e pizzerie'  itemprop=\"thumbnailUrl\"  \/><\/a><\/div><\/div><\/div><br \/>\n<section  class='av_textblock_section av-khbsf0af-6fe3602cb51b6f3b732d0ea6f90e4527'  itemscope=\"itemscope\" itemtype=\"https:\/\/schema.org\/CreativeWork\" ><div class='avia_textblock'  itemprop=\"text\" ><h2>Restaurantes y pizzer\u00edas<\/h2>\n\n<style type=\"text\/css\" data-created_by=\"avia_inline_auto\" id=\"style-css-av-28ae5-8634fcf3a7b0d7cd6d33fd4558398f59\">\n.av_font_icon.av-28ae5-8634fcf3a7b0d7cd6d33fd4558398f59 .av-icon-char{\nfont-size:40px;\nline-height:40px;\n}\n<\/style>\n<span  class='av_font_icon av-28ae5-8634fcf3a7b0d7cd6d33fd4558398f59 avia_animate_when_visible av-icon-style- avia-icon-pos-left av-no-color avia-icon-animate'><span class='av-icon-char' aria-hidden='true' data-av_icon='\ue879' data-av_iconfont='entypo-fontello' ><\/span><\/span>\n<\/div><\/section><\/p><\/div><div class='flex_column av-mf51ct3k-2141efe782c91033bc326735625543d2 av_two_fifth  avia-builder-el-23  el_after_av_one_fifth  avia-builder-el-last  resizable-layout-element flex_column_div '   ><p><div  class='avia-image-container  av-styling-no-styling  noHover  av-overlay-hover-deactivate   avia-builder-el-24  el_before_av_textblock  avia-builder-el-first  hover-effect avia-align-left'  itemprop=\"image\" itemscope=\"itemscope\" itemtype=\"https:\/\/schema.org\/ImageObject\"  ><div class='avia-image-container-inner'><div class='avia-image-overlay-wrap'><a href='https:\/\/sviluppo.lvbitalia.com\/es\/ambientes\/hoteles-y-albergues\/' class='avia_image'  ><div class='av-image-caption-overlay'><div class='av-caption-image-overlay-bg' style='opacity:0.4; background-color:#000000; '><\/div><div class='av-image-caption-overlay-position'><div class='av-image-caption-overlay-center' style='color:#ffffff; '><\/div><\/div><\/div><div class='image-description-wrap'><\/div><img decoding=\"async\" width=\"1580\" height=\"722\" class='wp-image-8681 avia-img-lazy-loading-not-8681 avia_image' src=\"https:\/\/sviluppo.lvbitalia.com\/wp-content\/uploads\/2024\/07\/Melodia-LvB-Acoustics-con-luce-indiretta.jpg\" alt='' title='Melodia-LvB-Acoustics-con-luce-indiretta'  itemprop=\"thumbnailUrl\" srcset=\"https:\/\/sviluppo.lvbitalia.com\/wp-content\/uploads\/2024\/07\/Melodia-LvB-Acoustics-con-luce-indiretta.jpg 1580w, https:\/\/sviluppo.lvbitalia.com\/wp-content\/uploads\/2024\/07\/Melodia-LvB-Acoustics-con-luce-indiretta-300x137.jpg 300w, https:\/\/sviluppo.lvbitalia.com\/wp-content\/uploads\/2024\/07\/Melodia-LvB-Acoustics-con-luce-indiretta-1030x471.jpg 1030w, https:\/\/sviluppo.lvbitalia.com\/wp-content\/uploads\/2024\/07\/Melodia-LvB-Acoustics-con-luce-indiretta-768x351.jpg 768w, https:\/\/sviluppo.lvbitalia.com\/wp-content\/uploads\/2024\/07\/Melodia-LvB-Acoustics-con-luce-indiretta-1536x702.jpg 1536w, https:\/\/sviluppo.lvbitalia.com\/wp-content\/uploads\/2024\/07\/Melodia-LvB-Acoustics-con-luce-indiretta-1500x685.jpg 1500w, https:\/\/sviluppo.lvbitalia.com\/wp-content\/uploads\/2024\/07\/Melodia-LvB-Acoustics-con-luce-indiretta-705x322.jpg 705w\" sizes=\"(max-width: 1580px) 100vw, 1580px\" \/><\/a><\/div><\/div><\/div><br \/>\n<section  class='av_textblock_section av-khbsf0af-6fe3602cb51b6f3b732d0ea6f90e4527'  itemscope=\"itemscope\" itemtype=\"https:\/\/schema.org\/CreativeWork\" ><div class='avia_textblock'  itemprop=\"text\" ><h2>Hoteles y albergues<\/h2>\n\n<style type=\"text\/css\" data-created_by=\"avia_inline_auto\" id=\"style-css-av-1dhfx-ef82c1fb48b1101b414527c6d3fcd986\">\n.av_font_icon.av-1dhfx-ef82c1fb48b1101b414527c6d3fcd986 .av-icon-char{\nfont-size:40px;\nline-height:40px;\n}\n<\/style>\n<span  class='av_font_icon av-1dhfx-ef82c1fb48b1101b414527c6d3fcd986 avia_animate_when_visible av-icon-style- avia-icon-pos-left av-no-color avia-icon-animate'><span class='av-icon-char' aria-hidden='true' data-av_icon='\ue879' data-av_iconfont='entypo-fontello' ><\/span><\/span>\n<\/div><\/section><\/p><\/div>\n<\/p>\n","protected":false},"excerpt":{"rendered":"","protected":false},"author":1,"featured_media":0,"parent":0,"menu_order":0,"comment_status":"closed","ping_status":"closed","template":"","meta":{"_acf_changed":false,"footnotes":""},"class_list":["post-4543","page","type-page","status-publish","hentry"],"acf":[],"yoast_head":"<!-- This site is optimized with the Yoast SEO plugin v23.4 - https:\/\/yoast.com\/wordpress\/plugins\/seo\/ -->\n<title>Pannelli acustici fonoassorbenti per ambienti interni | LvB Acoustics<\/title>\n<meta name=\"description\" content=\"Vuoi richiedere una valutazione acustica personalizzata di un ambiente? Contattaci per una consulenza gratuita!\" \/>\n<meta name=\"robots\" content=\"noindex, follow, max-snippet:-1, max-image-preview:large, max-video-preview:-1\" \/>\n<meta property=\"og:locale\" content=\"es_ES\" \/>\n<meta property=\"og:type\" content=\"article\" \/>\n<meta property=\"og:title\" content=\"Pannelli acustici fonoassorbenti per ambienti interni | LvB Acoustics\" \/>\n<meta property=\"og:description\" content=\"Vuoi richiedere una valutazione acustica personalizzata di un ambiente? Contattaci per una consulenza gratuita!\" \/>\n<meta property=\"og:url\" content=\"https:\/\/sviluppo.lvbitalia.com\/es\/ambientes\/\" \/>\n<meta property=\"og:site_name\" content=\"Pannelli fonoassorbenti design\" \/>\n<meta property=\"article:modified_time\" content=\"2025-09-24T07:15:40+00:00\" \/>\n<meta name=\"twitter:card\" content=\"summary_large_image\" \/>\n<meta name=\"twitter:label1\" content=\"Tiempo de lectura\" \/>\n\t<meta name=\"twitter:data1\" content=\"6 minutos\" \/>\n<script type=\"application\/ld+json\" class=\"yoast-schema-graph\">{\"@context\":\"https:\/\/schema.org\",\"@graph\":[{\"@type\":\"WebPage\",\"@id\":\"https:\/\/sviluppo.lvbitalia.com\/es\/ambientes\/\",\"url\":\"https:\/\/sviluppo.lvbitalia.com\/es\/ambientes\/\",\"name\":\"Pannelli acustici fonoassorbenti per ambienti interni | LvB Acoustics\",\"isPartOf\":{\"@id\":\"https:\/\/sviluppo.lvbitalia.com\/es\/#website\"},\"datePublished\":\"2020-10-23T15:46:20+00:00\",\"dateModified\":\"2025-09-24T07:15:40+00:00\",\"description\":\"Vuoi richiedere una valutazione acustica personalizzata di un ambiente? Contattaci per una consulenza gratuita!\",\"breadcrumb\":{\"@id\":\"https:\/\/sviluppo.lvbitalia.com\/es\/ambientes\/#breadcrumb\"},\"inLanguage\":\"es\",\"potentialAction\":[{\"@type\":\"ReadAction\",\"target\":[\"https:\/\/sviluppo.lvbitalia.com\/es\/ambientes\/\"]}]},{\"@type\":\"BreadcrumbList\",\"@id\":\"https:\/\/sviluppo.lvbitalia.com\/es\/ambientes\/#breadcrumb\",\"itemListElement\":[{\"@type\":\"ListItem\",\"position\":1,\"name\":\"Home\",\"item\":\"https:\/\/sviluppo.lvbitalia.com\/es\/\"},{\"@type\":\"ListItem\",\"position\":2,\"name\":\"Ambientes\"}]},{\"@type\":\"WebSite\",\"@id\":\"https:\/\/sviluppo.lvbitalia.com\/es\/#website\",\"url\":\"https:\/\/sviluppo.lvbitalia.com\/es\/\",\"name\":\"Pannelli fonoassorbenti design\",\"description\":\"PHONODESIGN Made in Italy\",\"publisher\":{\"@id\":\"https:\/\/sviluppo.lvbitalia.com\/es\/#organization\"},\"potentialAction\":[{\"@type\":\"SearchAction\",\"target\":{\"@type\":\"EntryPoint\",\"urlTemplate\":\"https:\/\/sviluppo.lvbitalia.com\/es\/?s={search_term_string}\"},\"query-input\":{\"@type\":\"PropertyValueSpecification\",\"valueRequired\":true,\"valueName\":\"search_term_string\"}}],\"inLanguage\":\"es\"},{\"@type\":\"Organization\",\"@id\":\"https:\/\/sviluppo.lvbitalia.com\/es\/#organization\",\"name\":\"LvB Italia\",\"url\":\"https:\/\/sviluppo.lvbitalia.com\/es\/\",\"logo\":{\"@type\":\"ImageObject\",\"inLanguage\":\"es\",\"@id\":\"https:\/\/sviluppo.lvbitalia.com\/es\/#\/schema\/logo\/image\/\",\"url\":\"https:\/\/sviluppo.lvbitalia.com\/wp-content\/uploads\/2022\/05\/logo-lvb-nero.png\",\"contentUrl\":\"https:\/\/sviluppo.lvbitalia.com\/wp-content\/uploads\/2022\/05\/logo-lvb-nero.png\",\"width\":314,\"height\":160,\"caption\":\"LvB Italia\"},\"image\":{\"@id\":\"https:\/\/sviluppo.lvbitalia.com\/es\/#\/schema\/logo\/image\/\"}}]}<\/script>\n<!-- \/ Yoast SEO plugin. -->","yoast_head_json":{"title":"Pannelli acustici fonoassorbenti per ambienti interni | LvB Acoustics","description":"Vuoi richiedere una valutazione acustica personalizzata di un ambiente? Contattaci per una consulenza gratuita!","robots":{"index":"noindex","follow":"follow","max-snippet":"max-snippet:-1","max-image-preview":"max-image-preview:large","max-video-preview":"max-video-preview:-1"},"og_locale":"es_ES","og_type":"article","og_title":"Pannelli acustici fonoassorbenti per ambienti interni | LvB Acoustics","og_description":"Vuoi richiedere una valutazione acustica personalizzata di un ambiente? Contattaci per una consulenza gratuita!","og_url":"https:\/\/sviluppo.lvbitalia.com\/es\/ambientes\/","og_site_name":"Pannelli fonoassorbenti design","article_modified_time":"2025-09-24T07:15:40+00:00","twitter_card":"summary_large_image","twitter_misc":{"Tiempo de lectura":"6 minutos"},"schema":{"@context":"https:\/\/schema.org","@graph":[{"@type":"WebPage","@id":"https:\/\/sviluppo.lvbitalia.com\/es\/ambientes\/","url":"https:\/\/sviluppo.lvbitalia.com\/es\/ambientes\/","name":"Pannelli acustici fonoassorbenti per ambienti interni | LvB Acoustics","isPartOf":{"@id":"https:\/\/sviluppo.lvbitalia.com\/es\/#website"},"datePublished":"2020-10-23T15:46:20+00:00","dateModified":"2025-09-24T07:15:40+00:00","description":"Vuoi richiedere una valutazione acustica personalizzata di un ambiente? Contattaci per una consulenza gratuita!","breadcrumb":{"@id":"https:\/\/sviluppo.lvbitalia.com\/es\/ambientes\/#breadcrumb"},"inLanguage":"es","potentialAction":[{"@type":"ReadAction","target":["https:\/\/sviluppo.lvbitalia.com\/es\/ambientes\/"]}]},{"@type":"BreadcrumbList","@id":"https:\/\/sviluppo.lvbitalia.com\/es\/ambientes\/#breadcrumb","itemListElement":[{"@type":"ListItem","position":1,"name":"Home","item":"https:\/\/sviluppo.lvbitalia.com\/es\/"},{"@type":"ListItem","position":2,"name":"Ambientes"}]},{"@type":"WebSite","@id":"https:\/\/sviluppo.lvbitalia.com\/es\/#website","url":"https:\/\/sviluppo.lvbitalia.com\/es\/","name":"Pannelli fonoassorbenti design","description":"PHONODESIGN Made in Italy","publisher":{"@id":"https:\/\/sviluppo.lvbitalia.com\/es\/#organization"},"potentialAction":[{"@type":"SearchAction","target":{"@type":"EntryPoint","urlTemplate":"https:\/\/sviluppo.lvbitalia.com\/es\/?s={search_term_string}"},"query-input":{"@type":"PropertyValueSpecification","valueRequired":true,"valueName":"search_term_string"}}],"inLanguage":"es"},{"@type":"Organization","@id":"https:\/\/sviluppo.lvbitalia.com\/es\/#organization","name":"LvB Italia","url":"https:\/\/sviluppo.lvbitalia.com\/es\/","logo":{"@type":"ImageObject","inLanguage":"es","@id":"https:\/\/sviluppo.lvbitalia.com\/es\/#\/schema\/logo\/image\/","url":"https:\/\/sviluppo.lvbitalia.com\/wp-content\/uploads\/2022\/05\/logo-lvb-nero.png","contentUrl":"https:\/\/sviluppo.lvbitalia.com\/wp-content\/uploads\/2022\/05\/logo-lvb-nero.png","width":314,"height":160,"caption":"LvB Italia"},"image":{"@id":"https:\/\/sviluppo.lvbitalia.com\/es\/#\/schema\/logo\/image\/"}}]}},"_links":{"self":[{"href":"https:\/\/sviluppo.lvbitalia.com\/es\/wp-json\/wp\/v2\/pages\/4543"}],"collection":[{"href":"https:\/\/sviluppo.lvbitalia.com\/es\/wp-json\/wp\/v2\/pages"}],"about":[{"href":"https:\/\/sviluppo.lvbitalia.com\/es\/wp-json\/wp\/v2\/types\/page"}],"author":[{"embeddable":true,"href":"https:\/\/sviluppo.lvbitalia.com\/es\/wp-json\/wp\/v2\/users\/1"}],"replies":[{"embeddable":true,"href":"https:\/\/sviluppo.lvbitalia.com\/es\/wp-json\/wp\/v2\/comments?post=4543"}],"version-history":[{"count":9,"href":"https:\/\/sviluppo.lvbitalia.com\/es\/wp-json\/wp\/v2\/pages\/4543\/revisions"}],"predecessor-version":[{"id":13106,"href":"https:\/\/sviluppo.lvbitalia.com\/es\/wp-json\/wp\/v2\/pages\/4543\/revisions\/13106"}],"wp:attachment":[{"href":"https:\/\/sviluppo.lvbitalia.com\/es\/wp-json\/wp\/v2\/media?parent=4543"}],"curies":[{"name":"wp","href":"https:\/\/api.w.org\/{rel}","templated":true}]}}